{"id":21787,"date":"2019-08-16T09:46:18","date_gmt":"2019-08-16T09:46:18","guid":{"rendered":"https:\/\/gudhjemmuseum.dk\/kontakt-os\/"},"modified":"2026-04-13T09:13:35","modified_gmt":"2026-04-13T09:13:35","slug":"kontakt","status":"publish","type":"page","link":"https:\/\/gudhjemmuseum.dk\/de\/kontakt\/","title":{"rendered":"Kontakt"},"content":{"rendered":"<p>[vc_row][vc_column width=&#8220;1\/1&#8243;]<h1 class=\"headline font-inherit fontsize-xxl fontweight-inherit lh-inherit align-center transform-inherit \" style=\"margin: 0 0 20px 0;\">Kontakt zum Gudhjem Stadt- und Museumsverein<\/h1>[\/vc_column][\/vc_row][vc_row][vc_column width=&#8220;1\/12&#8243;][\/vc_column][vc_column width=&#8220;8\/12&#8243;]<div class=\"spacer\" style=\"height: 40px;\"><\/div><div class=\"single_image wpb_content_element align-left   \" data-animation=\"none\" data-delay=\"0\"><img loading=\"lazy\" decoding=\"async\" width=\"640\" height=\"321\" src=\"https:\/\/gudhjemmuseum.dk\/wp-content\/uploads\/2019\/08\/frivillig-bygning-e1565713611891.jpeg\" class=\"attachment-full\" alt=\"\" srcset=\"https:\/\/gudhjemmuseum.dk\/wp-content\/uploads\/2019\/08\/frivillig-bygning-e1565713611891.jpeg 640w, https:\/\/gudhjemmuseum.dk\/wp-content\/uploads\/2019\/08\/frivillig-bygning-e1565713611891-300x150.jpeg 300w\" sizes=\"auto, (max-width: 640px) 100vw, 640px\" \/><\/div><div class=\"spacer\" style=\"height: 20px;\"><\/div>[vc_column_text]<\/p>\n<h2>Hast Du etwas auf dem Herzen?<\/h2>\n<p>Dann findest Du uns hier:<\/p>\n<p>&nbsp;<\/p>\n<h3><\/h3>\n<h3 style=\"font: 400 18px\/normal 'Open Sans', Arial, Helvetica, sans-serif; margin: 5px 0px; padding: 0px; border: 0px currentColor; color: #333333; text-transform: none; text-indent: 0px; letter-spacing: normal; word-spacing: 0px; vertical-align: baseline; white-space: normal; orphans: 2; widows: 2; font-size-adjust: none; font-stretch: normal; background-color: #ffffff; -webkit-text-stroke-width: 0px; text-decoration-style: initial; text-decoration-color: initial;\">Gudhjem Stadt- und Museumsverein<\/h3>\n<p style=\"margin: 0px; padding: 0px; border: 0px currentColor; color: #777777; text-transform: none; line-height: inherit; text-indent: 0px; letter-spacing: normal; font-family: 'Open Sans', Arial, Helvetica, sans-serif; font-size: 14px; font-style: normal; font-weight: 400; word-spacing: 0px; vertical-align: baseline; white-space: normal; orphans: 2; widows: 2; font-stretch: inherit; background-color: #ffffff; -webkit-text-stroke-width: 0px; text-decoration-style: initial; text-decoration-color: initial; font-variant-ligatures: normal; font-variant-caps: normal; font-variant-numeric: inherit; font-variant-east-asian: inherit;\">Stationsvej 1, 3760 Gudhjem. Mail:\u00a0<a href=\"mailto:info@gudhjemmuseum.dk\" target=\"_blank\" rel=\"noopener noreferrer\">info@gudhjemmuseum.dk<\/a><\/p>\n<p>&nbsp;<\/p>\n<p>Der Verein hat eine kollektive Leitung, bestehend aus:<\/p>\n<p style=\"margin: 0px; padding: 0px; border: 0px currentColor; color: #777777; text-transform: none; line-height: inherit; text-indent: 0px; letter-spacing: normal; font-family: 'Open Sans', Arial, Helvetica, sans-serif; font-size: 14px; font-style: normal; font-weight: 400; word-spacing: 0px; vertical-align: baseline; white-space: normal; orphans: 2; widows: 2; font-stretch: inherit; background-color: #ffffff; -webkit-text-stroke-width: 0px; text-decoration-style: initial; text-decoration-color: initial; font-variant-ligatures: normal; font-variant-caps: normal; font-variant-numeric: inherit; font-variant-east-asian: inherit;\">Koordinator f\u00fcr das Museum, Ole Stigemo, Tlf: 2396 5002, Mail: <a href=\"mailto:olestigemo@gmail.com\" target=\"_blank\" rel=\"noopener noreferrer\">olestigemo@gmail.com<\/a><\/p>\n<p style=\"margin: 0px; padding: 0px; border: 0px currentColor; color: #777777; text-transform: none; line-height: inherit; text-indent: 0px; letter-spacing: normal; font-family: 'Open Sans', Arial, Helvetica, sans-serif; font-size: 14px; font-style: normal; font-weight: 400; word-spacing: 0px; vertical-align: baseline; white-space: normal; orphans: 2; widows: 2; font-stretch: inherit; background-color: #ffffff; -webkit-text-stroke-width: 0px; text-decoration-style: initial; text-decoration-color: initial; font-variant-ligatures: normal; font-variant-caps: normal; font-variant-numeric: inherit; font-variant-east-asian: inherit;\">Koordinator f\u00fcr den Stadtverein, Hans J\u00f8rgen Jensen, Tlf: 2042 3370, Mail: <a href=\"mailto:hjj.lag@gmail.com\" target=\"_blank\" rel=\"noopener noreferrer\">hjj.lag@gmail.com<\/a><\/p>\n<p style=\"margin: 0px; padding: 0px; border: 0px currentColor; color: #777777; text-transform: none; line-height: inherit; text-indent: 0px; letter-spacing: normal; font-family: 'Open Sans', Arial, Helvetica, sans-serif; font-size: 14px; font-style: normal; font-weight: 400; word-spacing: 0px; vertical-align: baseline; white-space: normal; orphans: 2; widows: 2; font-stretch: inherit; background-color: #ffffff; -webkit-text-stroke-width: 0px; text-decoration-style: initial; text-decoration-color: initial; font-variant-ligatures: normal; font-variant-caps: normal; font-variant-numeric: inherit; font-variant-east-asian: inherit;\">Koordinatorin f\u00fcr Kommunikation, Hanne Str\u00f8by, Tlf: 29918740, Mail: <a href=\"mailto:hannestroby@gmail.com\">hannestroby@gmail.com<\/a><\/p>\n<p>[\/vc_column_text][\/vc_column][vc_column width=&#8220;3\/12&#8243; el_class=&#8220;t\u00e6tter&#8220;][\/vc_column][\/vc_row][vc_row][vc_column width=&#8220;1\/1&#8243;]<div class=\"spacer\" style=\"height: 40px;\"><\/div>[\/vc_column][\/vc_row][vc_row][vc_column width=&#8220;1\/1&#8243;][\/vc_column][\/vc_row]<\/p>\n","protected":false},"excerpt":{"rendered":"<p>[vc_row][vc_column width=&#8220;1\/1&#8243;][\/vc_column][\/vc_row][vc_row][vc_column width=&#8220;1\/12&#8243;][\/vc_column][vc_column width=&#8220;8\/12&#8243;][vc_column_text] Hast Du etwas auf dem Herzen? Dann findest Du uns hier: &nbsp; Gudhjem Stadt- und Museumsverein Stationsvej 1, 3760 Gudhjem. Mail:\u00a0info@gudhjemmuseum.dk &nbsp; Der Verein hat eine kollektive Leitung, bestehend aus: Koordinator f\u00fcr das Museum, Ole Stigemo, Tlf: 2396 5002, Mail: olestigemo@gmail.com Koordinator f\u00fcr den Stadtverein, Hans J\u00f8rgen Jensen, Tlf: 2042 3370, Mail: hjj.lag@gmail.com Koordinatorin f\u00fcr Kommunikation, Hanne Str\u00f8by, Tlf: 29918740, Mail: hannestroby@gmail.com [\/vc_column_text][\/vc_column][vc_column width=&#8220;3\/12&#8243; el_class=&#8220;t\u00e6tter&#8220;][\/vc_column][\/vc_row][vc_row][vc_column width=&#8220;1\/1&#8243;][\/vc_column][\/vc_row][vc_row][vc_column width=&#8220;1\/1&#8243;][\/vc_column][\/vc_row]<\/p>\n","protected":false},"author":9,"featured_media":21788,"parent":0,"menu_order":0,"comment_status":"closed","ping_status":"closed","template":"","meta":{"_monsterinsights_skip_tracking":false,"_monsterinsights_sitenote_active":false,"_monsterinsights_sitenote_note":"","_monsterinsights_sitenote_category":0,"_uf_show_specific_survey":0,"_uf_disable_surveys":false,"footnotes":""},"class_list":["post-21787","page","type-page","status-publish","has-post-thumbnail","hentry"],"aioseo_notices":[],"wps_subtitle":"","_links":{"self":[{"href":"https:\/\/gudhjemmuseum.dk\/de\/wp-json\/wp\/v2\/pages\/21787","targetHints":{"allow":["GET"]}}],"collection":[{"href":"https:\/\/gudhjemmuseum.dk\/de\/wp-json\/wp\/v2\/pages"}],"about":[{"href":"https:\/\/gudhjemmuseum.dk\/de\/wp-json\/wp\/v2\/types\/page"}],"author":[{"embeddable":true,"href":"https:\/\/gudhjemmuseum.dk\/de\/wp-json\/wp\/v2\/users\/9"}],"replies":[{"embeddable":true,"href":"https:\/\/gudhjemmuseum.dk\/de\/wp-json\/wp\/v2\/comments?post=21787"}],"version-history":[{"count":7,"href":"https:\/\/gudhjemmuseum.dk\/de\/wp-json\/wp\/v2\/pages\/21787\/revisions"}],"predecessor-version":[{"id":25107,"href":"https:\/\/gudhjemmuseum.dk\/de\/wp-json\/wp\/v2\/pages\/21787\/revisions\/25107"}],"wp:featuredmedia":[{"embeddable":true,"href":"https:\/\/gudhjemmuseum.dk\/de\/wp-json\/wp\/v2\/media\/21788"}],"wp:attachment":[{"href":"https:\/\/gudhjemmuseum.dk\/de\/wp-json\/wp\/v2\/media?parent=21787"}],"curies":[{"name":"wp","href":"https:\/\/api.w.org\/{rel}","templated":true}]}}