{"id":21781,"date":"2016-02-19T17:23:17","date_gmt":"2016-02-19T17:23:17","guid":{"rendered":"https:\/\/gudhjemmuseum.dk\/om-os\/"},"modified":"2022-03-29T12:02:08","modified_gmt":"2022-03-29T12:02:08","slug":"ueber-uns","status":"publish","type":"page","link":"https:\/\/gudhjemmuseum.dk\/de\/ueber-uns\/","title":{"rendered":"\u00dcber uns"},"content":{"rendered":"<p>[vc_row][vc_column width=&#8220;1\/1&#8243;]<h1 class=\"headline font-inherit fontsize-xxl fontweight-inherit lh-inherit align-left transform-inherit \" style=\"margin: 0 0 20px 0;\">Gudhjem Stadt- und Museumsverein<\/h1>[\/vc_column][\/vc_row][vc_row][vc_column width=&#8220;3\/4&#8243;]<div class=\"single_image wpb_content_element align-center   \" data-animation=\"none\" data-delay=\"0\"><img loading=\"lazy\" decoding=\"async\" width=\"1020\" height=\"510\" src=\"https:\/\/gudhjemmuseum.dk\/wp-content\/uploads\/2019\/08\/Om-os-byen.jpg\" class=\"attachment-full\" alt=\"\" srcset=\"https:\/\/gudhjemmuseum.dk\/wp-content\/uploads\/2019\/08\/Om-os-byen.jpg 1020w, https:\/\/gudhjemmuseum.dk\/wp-content\/uploads\/2019\/08\/Om-os-byen-300x150.jpg 300w, https:\/\/gudhjemmuseum.dk\/wp-content\/uploads\/2019\/08\/Om-os-byen-768x384.jpg 768w, https:\/\/gudhjemmuseum.dk\/wp-content\/uploads\/2019\/08\/Om-os-byen-1000x500.jpg 1000w\" sizes=\"auto, (max-width: 1020px) 100vw, 1020px\" \/><\/div><div class=\"spacer\" style=\"height: 40px;\"><\/div>[vc_column_text]<\/p>\n<h2>Das will &#8211; und macht der Verein<\/h2>\n<p>[\/vc_column_text][vc_column_text]Der Gudhjem Stadt- und Museums hat, wie der Name schon sagt, zwei Hauptfunktionen:<\/p>\n<p>&nbsp;<\/p>\n<p>Der Verein ist ein <strong>B\u00fcrgerverein<\/strong> f\u00fcr das Gebiet Gudhjem-Melsted, und gleichzeitig ist er ein <strong>Museumsverein<\/strong>, der einerseits wechselnde Kunstausstellungen zeigt, aber auch eine lokalhistorische Dauerausstellung betreut.<\/p>\n<p>&nbsp;<\/p>\n<p>Die Hauptzwecke des Vereins gehen aus \u00a72 der Vereinssatzung hervor:<\/p>\n<p>&nbsp;<\/p>\n<ul>\n<li>Eigent\u00fcmer und Betreiber des Gudhjem Museums zu sein,<\/li>\n<li>das Sammeln, Bewahren und Ausstellen von Gegenst\u00e4nden und Informationen, die von kulturhistorischer und historischer Bedeutung f\u00fcr Gudhjem und Umgebung sind,<\/li>\n<li>das Veranstalten von Wechselausstellungen mit Kunstwerken und Kulturgegenst\u00e4nden,<\/li>\n<li>das Veranstalten von Kunst und Kultur, sowie allgemein zug\u00e4nglicher Informationen vermittelnder T\u00e4tigkeit, bspw. Studienkreise und Vortr\u00e4ge,<\/li>\n<li>Einsatz f\u00fcr die Bewahrung von Geb\u00e4uden und Stadtmilieu in Gudhjem und Melsted, sowie der umliegenden Natur,<\/li>\n<li>B\u00fcrgerverein f\u00fcr Gudhjem und Melsted zu sein, sowie<\/li>\n<li>f\u00fcr das Wohl der Stadt zu arbeiten.<\/li>\n<\/ul>\n<p>&nbsp;<\/p>\n<p>Das oberste Organ des Vereins ist die Generalversammlung, die einen Vorstand f\u00fcr die Sicherung des t\u00e4glichen Betriebes w\u00e4hlt.<\/p>\n<p>&nbsp;<\/p>\n<p>Dar\u00fcber hinaus gibt es im Verein verschiedene Arbeitsgruppen, die sich haupts\u00e4chlich in diese drei Arbeitsfelder gliedern: Stadt- und B\u00fcrgerverein, Museumsbetrieb und Kommunikation.[\/vc_column_text][\/vc_column][vc_column width=&#8220;1\/4&#8243;][\/vc_column][\/vc_row][vc_row][vc_column width=&#8220;1\/2&#8243;][\/vc_column][vc_column width=&#8220;1\/2&#8243;][\/vc_column][\/vc_row]<\/p>\n","protected":false},"excerpt":{"rendered":"<p>[vc_row][vc_column width=&#8220;1\/1&#8243;][\/vc_column][\/vc_row][vc_row][vc_column width=&#8220;3\/4&#8243;][vc_column_text] Das will &#8211; und macht der Verein [\/vc_column_text][vc_column_text]Der Gudhjem Stadt- und Museums hat, wie der Name schon sagt, zwei Hauptfunktionen: &nbsp; Der Verein ist ein B\u00fcrgerverein f\u00fcr das Gebiet Gudhjem-Melsted, und gleichzeitig ist er ein Museumsverein, der einerseits wechselnde Kunstausstellungen zeigt, aber auch eine lokalhistorische Dauerausstellung betreut. &nbsp; Die Hauptzwecke des Vereins gehen aus \u00a72 der Vereinssatzung hervor: &nbsp; Eigent\u00fcmer und Betreiber des Gudhjem Museums zu sein, das Sammeln, Bewahren und Ausstellen von Gegenst\u00e4nden und Informationen, die von kulturhistorischer und historischer Bedeutung f\u00fcr Gudhjem und Umgebung sind, das Veranstalten von Wechselausstellungen mit Kunstwerken und Kulturgegenst\u00e4nden, das Veranstalten von Kunst und Kultur, sowie allgemein zug\u00e4nglicher Informationen vermittelnder T\u00e4tigkeit, bspw. Studienkreise und Vortr\u00e4ge, Einsatz f\u00fcr die Bewahrung von Geb\u00e4uden und Stadtmilieu in Gudhjem und Melsted, sowie der umliegenden Natur, B\u00fcrgerverein f\u00fcr Gudhjem und Melsted zu sein, sowie f\u00fcr das Wohl der Stadt zu arbeiten. &nbsp; Das oberste Organ des Vereins ist die Generalversammlung, die einen Vorstand f\u00fcr die Sicherung des t\u00e4glichen Betriebes w\u00e4hlt. &nbsp; Dar\u00fcber hinaus gibt es im Verein verschiedene Arbeitsgruppen, die sich haupts\u00e4chlich in diese drei Arbeitsfelder gliedern: Stadt- und B\u00fcrgerverein, Museumsbetrieb und Kommunikation.[\/vc_column_text][\/vc_column][vc_column width=&#8220;1\/4&#8243;][\/vc_column][\/vc_row][vc_row][vc_column width=&#8220;1\/2&#8243;][\/vc_column][vc_column width=&#8220;1\/2&#8243;][\/vc_column][\/vc_row]<\/p>\n","protected":false},"author":14,"featured_media":0,"parent":0,"menu_order":0,"comment_status":"closed","ping_status":"closed","template":"","meta":{"_monsterinsights_skip_tracking":false,"_monsterinsights_sitenote_active":false,"_monsterinsights_sitenote_note":"","_monsterinsights_sitenote_category":0,"_uf_show_specific_survey":0,"_uf_disable_surveys":false,"footnotes":""},"class_list":["post-21781","page","type-page","status-publish","hentry"],"aioseo_notices":[],"wps_subtitle":"","_links":{"self":[{"href":"https:\/\/gudhjemmuseum.dk\/de\/wp-json\/wp\/v2\/pages\/21781","targetHints":{"allow":["GET"]}}],"collection":[{"href":"https:\/\/gudhjemmuseum.dk\/de\/wp-json\/wp\/v2\/pages"}],"about":[{"href":"https:\/\/gudhjemmuseum.dk\/de\/wp-json\/wp\/v2\/types\/page"}],"author":[{"embeddable":true,"href":"https:\/\/gudhjemmuseum.dk\/de\/wp-json\/wp\/v2\/users\/14"}],"replies":[{"embeddable":true,"href":"https:\/\/gudhjemmuseum.dk\/de\/wp-json\/wp\/v2\/comments?post=21781"}],"version-history":[{"count":6,"href":"https:\/\/gudhjemmuseum.dk\/de\/wp-json\/wp\/v2\/pages\/21781\/revisions"}],"predecessor-version":[{"id":21792,"href":"https:\/\/gudhjemmuseum.dk\/de\/wp-json\/wp\/v2\/pages\/21781\/revisions\/21792"}],"wp:attachment":[{"href":"https:\/\/gudhjemmuseum.dk\/de\/wp-json\/wp\/v2\/media?parent=21781"}],"curies":[{"name":"wp","href":"https:\/\/api.w.org\/{rel}","templated":true}]}}