{"id":21652,"date":"2020-06-28T09:01:32","date_gmt":"2020-06-28T09:01:32","guid":{"rendered":"https:\/\/gudhjemmuseum.dk\/holkahesten\/"},"modified":"2022-03-09T15:03:30","modified_gmt":"2022-03-09T15:03:30","slug":"das-holkapferd","status":"publish","type":"page","link":"https:\/\/gudhjemmuseum.dk\/de\/das-holkapferd\/","title":{"rendered":"Holkahesten &#8211; das Holkapferd"},"content":{"rendered":"<p>[vc_row][vc_column width=&#8220;1\/1&#8243;]<div class=\"spacer\" style=\"height: 40px;\"><\/div><h1 class=\"headline font-inherit fontsize-xxl fontweight-inherit lh-inherit align-center transform-inherit \" style=\"margin: 0 0 20px 0;\">Das Holkapferd &#8211; eine Erz\u00e4hlung<\/h1>[\/vc_column][\/vc_row][vc_row][vc_column width=&#8220;6\/12&#8243;]<div class=\"spacer\" style=\"height: 25px;\"><\/div>[vc_column_text]DAS HOLKAPFERD (Holkahesten) ist der Name eines alten Fabeltieres, das in Urzeiten in Gudhjem hausierte, Es hat seinen Platz an der Felswand an der einen Seite des schmalen Trampelpfades Holkarinne (Holkarenden), der vom Holkatal zum Malkestien f\u00fchrt.<\/p>\n<p>&nbsp;<\/p>\n<p>Das Pferd ruht w\u00e4hrend des Tages. Am Abend aber erhebt es sich und jagt die Kinder nach Hause &#8211; &#8222;grau wie der Nebel, h\u00e4sslich, mit langen H\u00f6rnern&#8220;. Deshalb war es fr\u00fcher auch nicht ratsam, sich nach Sonnenuntergang in das Tal zu begeben.<\/p>\n<p>&nbsp;<\/p>\n<p>Vor einigen Jahren versuchte eine Gruppe Urlauber, das Pferd aufzurichten, obwohl es nicht an Warnungen seitens der Einheimischen mangelte. Das Fabeltier trat so heftigt mit den Hinterhufen aus, dass es sich fast erhob, die Hebevorrichtungen flogen zu allen Seiten in die Luft &#8211; und das Fabeltier legte sich wieder in seine gewohnte Stellung. Im Jahr darauf starb der Anf\u00fchrer der Urlaubergruppe durch ein Attentat.<\/p>\n<p>&nbsp;<\/p>\n<p>Das HOLKAPFERD hielt Einzug in die Kunstwelt, als 1935 der Maler Rich. Mortensen in Gudhjem wohnte und sp\u00e4ter erz\u00e4hlte:<\/p>\n<p>&nbsp;<\/p>\n<p>\u201dMeine Werkstatt war ein Speicherzimmer im Haus direkt am Engang zum Holkatal. Das war damals eine dunkle Schlucht, von der man sagte, dass in ihr ein &#8222;Holkehertier&#8220; hausierte. Und das hatte wohl auch seine Richtigkeit. Das Netz, mit dem ich meinen Fang machen wollte, war eine Malerleinwand &#8230;&#8220;<\/p>\n<p>&nbsp;<\/p>\n<p>Seitdem ist das Holkapferd 1957 in einzelnen Werken von Lisbeth Munch-Petersen abgebildet, und seit 2001 leiht es seinen Namen einer K\u00fcnstlervereinigung, die jedes Jahr im Gudhjem Museum ausstellen &#8211; bereits mehrere Male mit dem &#8218;Pferd auf dem Plakat&#8216;.[\/vc_column_text][\/vc_column][vc_column width=&#8220;6\/12&#8243;]<div class=\"spacer\" style=\"height: 25px;\"><\/div><div class=\"single_image wpb_content_element align-center   \" data-animation=\"none\" data-delay=\"0\"><img loading=\"lazy\" decoding=\"async\" width=\"2016\" height=\"1008\" src=\"https:\/\/gudhjemmuseum.dk\/wp-content\/uploads\/2020\/06\/Holkahesten.jpg\" class=\"attachment-full\" alt=\"\" srcset=\"https:\/\/gudhjemmuseum.dk\/wp-content\/uploads\/2020\/06\/Holkahesten.jpg 2016w, https:\/\/gudhjemmuseum.dk\/wp-content\/uploads\/2020\/06\/Holkahesten-300x150.jpg 300w, https:\/\/gudhjemmuseum.dk\/wp-content\/uploads\/2020\/06\/Holkahesten-1024x512.jpg 1024w, https:\/\/gudhjemmuseum.dk\/wp-content\/uploads\/2020\/06\/Holkahesten-768x384.jpg 768w, https:\/\/gudhjemmuseum.dk\/wp-content\/uploads\/2020\/06\/Holkahesten-1536x768.jpg 1536w, https:\/\/gudhjemmuseum.dk\/wp-content\/uploads\/2020\/06\/Holkahesten-1000x500.jpg 1000w\" sizes=\"auto, (max-width: 2016px) 100vw, 2016px\" \/><span class=\"single_image_caption\">Holkahesten<\/span><\/div>[vc_column_text]Der Felsblock Holkahesten (das Holkapferd)[\/vc_column_text]<div class=\"single_image wpb_content_element align-center   \" data-animation=\"none\" data-delay=\"0\"><img loading=\"lazy\" decoding=\"async\" width=\"848\" height=\"424\" src=\"https:\/\/gudhjemmuseum.dk\/wp-content\/uploads\/2020\/06\/DSC00217.jpg\" class=\"attachment-full\" alt=\"\" srcset=\"https:\/\/gudhjemmuseum.dk\/wp-content\/uploads\/2020\/06\/DSC00217.jpg 848w, https:\/\/gudhjemmuseum.dk\/wp-content\/uploads\/2020\/06\/DSC00217-300x150.jpg 300w, https:\/\/gudhjemmuseum.dk\/wp-content\/uploads\/2020\/06\/DSC00217-768x384.jpg 768w\" sizes=\"auto, (max-width: 848px) 100vw, 848px\" \/><\/div>[vc_column_text]Holkahesten 2020 &#8211; Hans E. Madsen[\/vc_column_text][\/vc_column][\/vc_row][vc_row][vc_column width=&#8220;1\/1&#8243;][\/vc_column][\/vc_row]<\/p>\n","protected":false},"excerpt":{"rendered":"<p>[vc_row][vc_column width=&#8220;1\/1&#8243;][\/vc_column][\/vc_row][vc_row][vc_column width=&#8220;6\/12&#8243;][vc_column_text]DAS HOLKAPFERD (Holkahesten) ist der Name eines alten Fabeltieres, das in Urzeiten in Gudhjem hausierte, Es hat seinen Platz an der Felswand an der einen Seite des schmalen Trampelpfades Holkarinne (Holkarenden), der vom Holkatal zum Malkestien f\u00fchrt. &nbsp; Das Pferd ruht w\u00e4hrend des Tages. Am Abend aber erhebt es sich und jagt die Kinder nach Hause &#8211; &#8222;grau wie der Nebel, h\u00e4sslich, mit langen H\u00f6rnern&#8220;. Deshalb war es fr\u00fcher auch nicht ratsam, sich nach Sonnenuntergang in das Tal zu begeben. &nbsp; Vor einigen Jahren versuchte eine Gruppe Urlauber, das Pferd aufzurichten, obwohl es nicht an Warnungen seitens der Einheimischen mangelte. Das Fabeltier trat so heftigt mit den Hinterhufen aus, dass es sich fast erhob, die Hebevorrichtungen flogen zu allen Seiten in die Luft &#8211; und das Fabeltier legte sich wieder in seine gewohnte Stellung. Im Jahr darauf starb der Anf\u00fchrer der Urlaubergruppe durch ein Attentat. &nbsp; Das HOLKAPFERD hielt Einzug in die Kunstwelt, als 1935 der Maler Rich. Mortensen in Gudhjem wohnte und sp\u00e4ter erz\u00e4hlte: &nbsp; \u201dMeine Werkstatt war ein Speicherzimmer im Haus direkt am Engang zum Holkatal. Das war damals eine dunkle Schlucht, von der man sagte, dass in ihr ein &#8222;Holkehertier&#8220; hausierte. Und das hatte wohl [&hellip;]<\/p>\n","protected":false},"author":9,"featured_media":21643,"parent":0,"menu_order":0,"comment_status":"closed","ping_status":"closed","template":"","meta":{"_monsterinsights_skip_tracking":false,"_monsterinsights_sitenote_active":false,"_monsterinsights_sitenote_note":"","_monsterinsights_sitenote_category":0,"_uf_show_specific_survey":0,"_uf_disable_surveys":false,"footnotes":""},"class_list":["post-21652","page","type-page","status-publish","has-post-thumbnail","hentry"],"aioseo_notices":[],"wps_subtitle":"","_links":{"self":[{"href":"https:\/\/gudhjemmuseum.dk\/de\/wp-json\/wp\/v2\/pages\/21652","targetHints":{"allow":["GET"]}}],"collection":[{"href":"https:\/\/gudhjemmuseum.dk\/de\/wp-json\/wp\/v2\/pages"}],"about":[{"href":"https:\/\/gudhjemmuseum.dk\/de\/wp-json\/wp\/v2\/types\/page"}],"author":[{"embeddable":true,"href":"https:\/\/gudhjemmuseum.dk\/de\/wp-json\/wp\/v2\/users\/9"}],"replies":[{"embeddable":true,"href":"https:\/\/gudhjemmuseum.dk\/de\/wp-json\/wp\/v2\/comments?post=21652"}],"version-history":[{"count":4,"href":"https:\/\/gudhjemmuseum.dk\/de\/wp-json\/wp\/v2\/pages\/21652\/revisions"}],"predecessor-version":[{"id":21657,"href":"https:\/\/gudhjemmuseum.dk\/de\/wp-json\/wp\/v2\/pages\/21652\/revisions\/21657"}],"wp:featuredmedia":[{"embeddable":true,"href":"https:\/\/gudhjemmuseum.dk\/de\/wp-json\/wp\/v2\/media\/21643"}],"wp:attachment":[{"href":"https:\/\/gudhjemmuseum.dk\/de\/wp-json\/wp\/v2\/media?parent=21652"}],"curies":[{"name":"wp","href":"https:\/\/api.w.org\/{rel}","templated":true}]}}