{"id":21593,"date":"2016-01-27T22:00:18","date_gmt":"2016-01-27T22:00:18","guid":{"rendered":"https:\/\/gudhjemmuseum.dk\/handicapadgang\/"},"modified":"2022-03-07T15:40:10","modified_gmt":"2022-03-07T15:40:10","slug":"zugang","status":"publish","type":"page","link":"https:\/\/gudhjemmuseum.dk\/de\/zugang\/","title":{"rendered":"Behindertenfreundlicher Zugang"},"content":{"rendered":"<p>[vc_row][vc_column width=&#8220;1\/1&#8243;]<h1 class=\"headline font-inherit fontsize-xxl fontweight-inherit lh-inherit align-center transform-inherit \" style=\"margin: 0 0 20px 0;\">Behindertenfreundlicher Zugang<\/h1><div class=\"spacer\" style=\"height: 40px;\"><\/div>[\/vc_column][\/vc_row][vc_row][vc_column width=&#8220;2\/12&#8243;][\/vc_column][vc_column width=&#8220;8\/12&#8243;][vc_column_text]Rollstuhlfahrer k\u00f6nnen das Erdgeschoss des Museums besuchen, in dem die aktuellen Wechselausstellungen gezeigt werden.<\/p>\n<p>&nbsp;<\/p>\n<p>Der Zugang zum oberen Stockwerk, das eine lokalhistorische Ausstellung enth\u00e4lt, erfolgt leider \u00fcber keinen Aufzug, sondern nur \u00fcber eine schmale Treppe.<\/p>\n<p>&nbsp;<\/p>\n<p>Es ist eine behindertenfreundliche Toilette vorhanden. Einen gesonderten behindertenfreundlichen Parkplatz gibt es nicht, daf\u00fcr ist vor dem Museumsgeb\u00e4ude jede Menge Platz.<span style=\"color: #333333;\"><br \/>\n<\/span>[\/vc_column_text]<div class=\"spacer\" style=\"height: 40px;\"><\/div><div class=\"spacer\" style=\"height: 40px;\"><\/div>[\/vc_column][vc_column width=&#8220;2\/12&#8243;][\/vc_column][\/vc_row]<\/p>\n","protected":false},"excerpt":{"rendered":"<p>[vc_row][vc_column width=&#8220;1\/1&#8243;][\/vc_column][\/vc_row][vc_row][vc_column width=&#8220;2\/12&#8243;][\/vc_column][vc_column width=&#8220;8\/12&#8243;][vc_column_text]Rollstuhlfahrer k\u00f6nnen das Erdgeschoss des Museums besuchen, in dem die aktuellen Wechselausstellungen gezeigt werden. &nbsp; Der Zugang zum oberen Stockwerk, das eine lokalhistorische Ausstellung enth\u00e4lt, erfolgt leider \u00fcber keinen Aufzug, sondern nur \u00fcber eine schmale Treppe. &nbsp; Es ist eine behindertenfreundliche Toilette vorhanden. Einen gesonderten behindertenfreundlichen Parkplatz gibt es nicht, daf\u00fcr ist vor dem Museumsgeb\u00e4ude jede Menge Platz. [\/vc_column_text][\/vc_column][vc_column width=&#8220;2\/12&#8243;][\/vc_column][\/vc_row]<\/p>\n","protected":false},"author":14,"featured_media":0,"parent":0,"menu_order":0,"comment_status":"closed","ping_status":"closed","template":"","meta":{"_monsterinsights_skip_tracking":false,"_monsterinsights_sitenote_active":false,"_monsterinsights_sitenote_note":"","_monsterinsights_sitenote_category":0,"_uf_show_specific_survey":0,"_uf_disable_surveys":false,"footnotes":""},"class_list":["post-21593","page","type-page","status-publish","hentry"],"aioseo_notices":[],"wps_subtitle":"","_links":{"self":[{"href":"https:\/\/gudhjemmuseum.dk\/de\/wp-json\/wp\/v2\/pages\/21593","targetHints":{"allow":["GET"]}}],"collection":[{"href":"https:\/\/gudhjemmuseum.dk\/de\/wp-json\/wp\/v2\/pages"}],"about":[{"href":"https:\/\/gudhjemmuseum.dk\/de\/wp-json\/wp\/v2\/types\/page"}],"author":[{"embeddable":true,"href":"https:\/\/gudhjemmuseum.dk\/de\/wp-json\/wp\/v2\/users\/14"}],"replies":[{"embeddable":true,"href":"https:\/\/gudhjemmuseum.dk\/de\/wp-json\/wp\/v2\/comments?post=21593"}],"version-history":[{"count":3,"href":"https:\/\/gudhjemmuseum.dk\/de\/wp-json\/wp\/v2\/pages\/21593\/revisions"}],"predecessor-version":[{"id":21596,"href":"https:\/\/gudhjemmuseum.dk\/de\/wp-json\/wp\/v2\/pages\/21593\/revisions\/21596"}],"wp:attachment":[{"href":"https:\/\/gudhjemmuseum.dk\/de\/wp-json\/wp\/v2\/media?parent=21593"}],"curies":[{"name":"wp","href":"https:\/\/api.w.org\/{rel}","templated":true}]}}