{"id":21579,"date":"2016-01-20T23:07:53","date_gmt":"2016-01-20T23:07:53","guid":{"rendered":"https:\/\/gudhjemmuseum.dk\/butik-2\/"},"modified":"2022-03-07T15:33:52","modified_gmt":"2022-03-07T15:33:52","slug":"museumsladen","status":"publish","type":"page","link":"https:\/\/gudhjemmuseum.dk\/de\/museumsladen\/","title":{"rendered":"Museumsladen"},"content":{"rendered":"<p>[vc_row][vc_column width=&#8220;1\/1&#8243;]<h1 class=\"headline font-inherit fontsize-xxl fontweight-inherit lh-inherit align-center transform-inherit \" style=\"margin: 0 0 20px 0;\">Museumsladen<\/h1>[\/vc_column][\/vc_row][vc_row][vc_column width=&#8220;1\/1&#8243;]<div class=\"spacer\" style=\"height: 40px;\"><\/div>[vc_column_text]Im Eingangsbereich des Museums verkaufen wir interessante B\u00fccher \u00fcber Gudhjem und \u00fcber K\u00fcnstler mit Verbindung zur Stadt, Kunstpostkarten und Plakate.[\/vc_column_text]<div class=\"flexslider wpb_content_element\"><ul class=\"slides\"><li><img decoding=\"async\" src=\"https:\/\/gudhjemmuseum.dk\/wp-content\/uploads\/2019\/08\/IMG_4109-e1565514924910.jpg\" alt=\"\" \/><\/li><li><img decoding=\"async\" src=\"https:\/\/gudhjemmuseum.dk\/wp-content\/uploads\/2019\/08\/IMG_4108-e1565514976339.jpg\" alt=\"\" \/><\/li><li><img decoding=\"async\" src=\"https:\/\/gudhjemmuseum.dk\/wp-content\/uploads\/2019\/08\/IMG_4107-e1565515032377.jpg\" alt=\"\" \/><\/li><li><img decoding=\"async\" src=\"https:\/\/gudhjemmuseum.dk\/wp-content\/uploads\/2019\/08\/IMG_4106-e1565515082948.jpg\" alt=\"\" \/><\/li><li><img decoding=\"async\" src=\"https:\/\/gudhjemmuseum.dk\/wp-content\/uploads\/2019\/08\/IMG_4105-e1565514145786.jpg\" alt=\"\" \/><\/li><\/ul><\/div>[\/vc_column][\/vc_row]<\/p>\n","protected":false},"excerpt":{"rendered":"<p>[vc_row][vc_column width=&#8220;1\/1&#8243;][\/vc_column][\/vc_row][vc_row][vc_column width=&#8220;1\/1&#8243;][vc_column_text]Im Eingangsbereich des Museums verkaufen wir interessante B\u00fccher \u00fcber Gudhjem und \u00fcber K\u00fcnstler mit Verbindung zur Stadt, Kunstpostkarten und Plakate.[\/vc_column_text][\/vc_column][\/vc_row]<\/p>\n","protected":false},"author":14,"featured_media":21250,"parent":0,"menu_order":0,"comment_status":"closed","ping_status":"closed","template":"","meta":{"_monsterinsights_skip_tracking":false,"_monsterinsights_sitenote_active":false,"_monsterinsights_sitenote_note":"","_monsterinsights_sitenote_category":0,"_uf_show_specific_survey":0,"_uf_disable_surveys":false,"footnotes":""},"class_list":["post-21579","page","type-page","status-publish","has-post-thumbnail","hentry"],"aioseo_notices":[],"wps_subtitle":"","_links":{"self":[{"href":"https:\/\/gudhjemmuseum.dk\/de\/wp-json\/wp\/v2\/pages\/21579","targetHints":{"allow":["GET"]}}],"collection":[{"href":"https:\/\/gudhjemmuseum.dk\/de\/wp-json\/wp\/v2\/pages"}],"about":[{"href":"https:\/\/gudhjemmuseum.dk\/de\/wp-json\/wp\/v2\/types\/page"}],"author":[{"embeddable":true,"href":"https:\/\/gudhjemmuseum.dk\/de\/wp-json\/wp\/v2\/users\/14"}],"replies":[{"embeddable":true,"href":"https:\/\/gudhjemmuseum.dk\/de\/wp-json\/wp\/v2\/comments?post=21579"}],"version-history":[{"count":3,"href":"https:\/\/gudhjemmuseum.dk\/de\/wp-json\/wp\/v2\/pages\/21579\/revisions"}],"predecessor-version":[{"id":21591,"href":"https:\/\/gudhjemmuseum.dk\/de\/wp-json\/wp\/v2\/pages\/21579\/revisions\/21591"}],"wp:featuredmedia":[{"embeddable":true,"href":"https:\/\/gudhjemmuseum.dk\/de\/wp-json\/wp\/v2\/media\/21250"}],"wp:attachment":[{"href":"https:\/\/gudhjemmuseum.dk\/de\/wp-json\/wp\/v2\/media?parent=21579"}],"curies":[{"name":"wp","href":"https:\/\/api.w.org\/{rel}","templated":true}]}}