{"id":21351,"date":"2021-07-07T13:21:39","date_gmt":"2021-07-07T13:21:39","guid":{"rendered":"https:\/\/gudhjemmuseum.dk\/sommerfuglemark-og-skulpturhave\/"},"modified":"2022-03-15T17:59:20","modified_gmt":"2022-03-15T17:59:20","slug":"schmetterlingsfeld-und-skulpturgarten","status":"publish","type":"page","link":"https:\/\/gudhjemmuseum.dk\/de\/schmetterlingsfeld-und-skulpturgarten\/","title":{"rendered":"Schmetterlingsfeld und Skulpturgarten"},"content":{"rendered":"<p>[vc_row][vc_column width=&#8220;1\/1&#8243;]<h1 class=\"headline font-inherit fontsize-xxl fontweight-inherit lh-inherit align-center transform-inherit \" style=\"margin: 0 0 20px 0;\">Schmetterlingsfeld und Skulpturgarten<\/h1><div class=\"spacer\" style=\"height: 40px;\"><\/div>[\/vc_column][\/vc_row][vc_row][vc_column width=&#8220;1\/1&#8243;][vc_column_text]<\/p>\n<h2 style=\"text-align: center;\">Hier werden Kunst, Geschichte und Natur an einem Ort vereint<\/h2>\n<p>Auf dem Gel\u00e4nde vor dem Gudhjem Museum ist \u00fcber die Jahre hinweg ein richtiger Skulpturgarten entstanden, der Werke von diesen bornholmer K\u00fcnstlern enth\u00e4lt:\u00a0Ole Christensen, Inge Lise Westmann, Julie H\u00f8m und Jun-Ichi Inoue.<\/p>\n<p>&nbsp;<\/p>\n<p>2021 wurde das 15.000 m\u00b2 grosse Feld zum Wald hin in ein grosses Schmetterlingshabitat mit wilden Pflanzen umgewandelt. Dazwischen gibt es verschiedene Pfade, die zu einem Spaziergang im Feld einladen, das s\u00fcdlich und s\u00fcd\u00f6stlich des Museums liegt.<\/p>\n<p>&nbsp;<\/p>\n<p>Am unteren Ende des Feldes wurde im Dezember 2021 ein See angelegt, der zu weiterem Leben im Gebiet beitr\u00e4gt.<\/p>\n<p>&nbsp;<\/p>\n<p>Das Gebiet war fr\u00fcher Teil des &#8222;Gudhjem Vang&#8220;, wo die Stadtbewohner, Fischer und Bauern etwas Land hatten, das sie bewirtschaften oder ihr Vieh darauf grasen lassen konnten.<\/p>\n<p>&nbsp;<\/p>\n<p>Das Schmetterlingsfeld und die Vermittlung desselben wurde unterst\u00fctzt von Bornholms Regionskommune und der Versicherung Bornholms Brand.<\/p>\n<p><img loading=\"lazy\" decoding=\"async\" class=\"alignnone wp-image-20362\" src=\"http:\/\/gudhjemmuseum.dk\/wp-content\/uploads\/2020\/11\/LOGO_1-177x300.jpg\" alt=\"\" width=\"100\" height=\"169\" srcset=\"https:\/\/gudhjemmuseum.dk\/wp-content\/uploads\/2020\/11\/LOGO_1-177x300.jpg 177w, https:\/\/gudhjemmuseum.dk\/wp-content\/uploads\/2020\/11\/LOGO_1-606x1024.jpg 606w, https:\/\/gudhjemmuseum.dk\/wp-content\/uploads\/2020\/11\/LOGO_1-768x1299.jpg 768w, https:\/\/gudhjemmuseum.dk\/wp-content\/uploads\/2020\/11\/LOGO_1.jpg 838w\" sizes=\"auto, (max-width: 100px) 100vw, 100px\" \/><img loading=\"lazy\" decoding=\"async\" class=\"alignnone wp-image-20429\" src=\"http:\/\/gudhjemmuseum.dk\/wp-content\/uploads\/2021\/01\/sponsor_bornholms-brand.png\" alt=\"\" width=\"337\" height=\"337\" srcset=\"https:\/\/gudhjemmuseum.dk\/wp-content\/uploads\/2021\/01\/sponsor_bornholms-brand.png 170w, https:\/\/gudhjemmuseum.dk\/wp-content\/uploads\/2021\/01\/sponsor_bornholms-brand-150x150.png 150w, https:\/\/gudhjemmuseum.dk\/wp-content\/uploads\/2021\/01\/sponsor_bornholms-brand-80x80.png 80w\" sizes=\"auto, (max-width: 337px) 100vw, 337px\" \/>[\/vc_column_text]<div class=\"spacer\" style=\"height: 40px;\"><\/div><div class=\"blog-shortcode blog-page blog-medium\"><div class=\"blog-wrap\"><article id=\"post-21711\" class=\"clearfix post-21711 post type-post status-publish format-standard has-post-thumbnail hentry category-kunstnaturhistorie-de\">\n    \n        <div class=\"entry-image\">\n        <a href=\"https:\/\/gudhjemmuseum.dk\/de\/schmetterlingsfeld\/\" title=\"Permalink to Schmetterlingsfeld\" rel=\"bookmark\">\n            <img loading=\"lazy\" decoding=\"async\" width=\"600\" height=\"400\" src=\"https:\/\/gudhjemmuseum.dk\/wp-content\/uploads\/2021\/12\/Skovperlemor-i-parring_4_Koldekilde_11-7-2021web-600x400.jpg\" class=\"attachment-portfolio size-portfolio wp-post-image\" alt=\"\" \/>        <\/a>\n    <\/div>\n        \n    <div class=\"entry-wrap\">\n\n        <div class=\"entry-title\">\n        \t<h2><a href=\"https:\/\/gudhjemmuseum.dk\/de\/schmetterlingsfeld\/\" title=\"Permalink to Schmetterlingsfeld\" rel=\"bookmark\">Schmetterlingsfeld<\/a><\/h2>\n        <\/div>\n\n        <div class=\"entry-content\">\n        \tDas Schmetterlingsfeld soll Blumen, Bienen und Schmetterlinge zur\u00fcckbringen Das grosse, offene Areal vor dem Gudhjem Museum hat eine tolle Lage. Die Aussicht bis hin zur Svanekebucht und \u00fcber das Land... <a class=\"read-more-link\" href=\"https:\/\/gudhjemmuseum.dk\/de\/schmetterlingsfeld\/\">read more  &rarr;<\/a>        <\/div>\n\n        <div class=\"entry-meta\">\n            <ul>\n\t\t\t\t\t<\/ul>\n        <\/div>\n\n    <\/div>\n\n<\/article><!-- #post -->\n\n<div class=\"clear\"><\/div><article id=\"post-21719\" class=\"clearfix post-21719 post type-post status-publish format-standard has-post-thumbnail hentry category-kunstnaturhistorie-de category-unkategorisiert\">\n    \n        <div class=\"entry-image\">\n        <a href=\"https:\/\/gudhjemmuseum.dk\/de\/skulpturgarten\/\" title=\"Permalink to Gudhjem Museums Skulpturgarten\" rel=\"bookmark\">\n            <img loading=\"lazy\" decoding=\"async\" width=\"500\" height=\"333\" src=\"https:\/\/gudhjemmuseum.dk\/wp-content\/uploads\/2021\/07\/Udendoersbilleder-22-of-24.jpg\" class=\"attachment-portfolio size-portfolio wp-post-image\" alt=\"\" srcset=\"https:\/\/gudhjemmuseum.dk\/wp-content\/uploads\/2021\/07\/Udendoersbilleder-22-of-24.jpg 500w, https:\/\/gudhjemmuseum.dk\/wp-content\/uploads\/2021\/07\/Udendoersbilleder-22-of-24-300x200.jpg 300w\" sizes=\"auto, (max-width: 500px) 100vw, 500px\" \/>        <\/a>\n    <\/div>\n        \n    <div class=\"entry-wrap\">\n\n        <div class=\"entry-title\">\n        \t<h2><a href=\"https:\/\/gudhjemmuseum.dk\/de\/skulpturgarten\/\" title=\"Permalink to Gudhjem Museums Skulpturgarten\" rel=\"bookmark\">Gudhjem Museums Skulpturgarten<\/a><\/h2>\n        <\/div>\n\n        <div class=\"entry-content\">\n        \t1951 wunderte sich der Kunstmaler Oluf H\u00f8st: \"Bornholm ist voller sch\u00f6nem Granit und fleissigen Steinmetzen, aber es gibt keinen einzigen Bildhauer.\" Er w\u00fcrde sicher dem kleinen Skulpturgarten wohlwollend zunicken, der... <a class=\"read-more-link\" href=\"https:\/\/gudhjemmuseum.dk\/de\/skulpturgarten\/\">read more  &rarr;<\/a>        <\/div>\n\n        <div class=\"entry-meta\">\n            <ul>\n\t\t\t\t\t<\/ul>\n        <\/div>\n\n    <\/div>\n\n<\/article><!-- #post -->\n\n<div class=\"clear\"><\/div><\/div><\/div>[\/vc_column][\/vc_row]<\/p>\n","protected":false},"excerpt":{"rendered":"<p>[vc_row][vc_column width=&#8220;1\/1&#8243;][\/vc_column][\/vc_row][vc_row][vc_column width=&#8220;1\/1&#8243;][vc_column_text] Hier werden Kunst, Geschichte und Natur an einem Ort vereint Auf dem Gel\u00e4nde vor dem Gudhjem Museum ist \u00fcber die Jahre hinweg ein richtiger Skulpturgarten entstanden, der Werke von diesen bornholmer K\u00fcnstlern enth\u00e4lt:\u00a0Ole Christensen, Inge Lise Westmann, Julie H\u00f8m und Jun-Ichi Inoue. &nbsp; 2021 wurde das 15.000 m\u00b2 grosse Feld zum Wald hin in ein grosses Schmetterlingshabitat mit wilden Pflanzen umgewandelt. Dazwischen gibt es verschiedene Pfade, die zu einem Spaziergang im Feld einladen, das s\u00fcdlich und s\u00fcd\u00f6stlich des Museums liegt. &nbsp; Am unteren Ende des Feldes wurde im Dezember 2021 ein See angelegt, der zu weiterem Leben im Gebiet beitr\u00e4gt. &nbsp; Das Gebiet war fr\u00fcher Teil des &#8222;Gudhjem Vang&#8220;, wo die Stadtbewohner, Fischer und Bauern etwas Land hatten, das sie bewirtschaften oder ihr Vieh darauf grasen lassen konnten. &nbsp; Das Schmetterlingsfeld und die Vermittlung desselben wurde unterst\u00fctzt von Bornholms Regionskommune und der Versicherung Bornholms Brand. [\/vc_column_text][\/vc_column][\/vc_row]<\/p>\n","protected":false},"author":9,"featured_media":21295,"parent":0,"menu_order":0,"comment_status":"closed","ping_status":"closed","template":"","meta":{"_monsterinsights_skip_tracking":false,"_monsterinsights_sitenote_active":false,"_monsterinsights_sitenote_note":"","_monsterinsights_sitenote_category":0,"_uf_show_specific_survey":0,"_uf_disable_surveys":false,"footnotes":""},"class_list":["post-21351","page","type-page","status-publish","has-post-thumbnail","hentry"],"aioseo_notices":[],"wps_subtitle":"Kunst, Natur und Geschichte an einem Ort","_links":{"self":[{"href":"https:\/\/gudhjemmuseum.dk\/de\/wp-json\/wp\/v2\/pages\/21351","targetHints":{"allow":["GET"]}}],"collection":[{"href":"https:\/\/gudhjemmuseum.dk\/de\/wp-json\/wp\/v2\/pages"}],"about":[{"href":"https:\/\/gudhjemmuseum.dk\/de\/wp-json\/wp\/v2\/types\/page"}],"author":[{"embeddable":true,"href":"https:\/\/gudhjemmuseum.dk\/de\/wp-json\/wp\/v2\/users\/9"}],"replies":[{"embeddable":true,"href":"https:\/\/gudhjemmuseum.dk\/de\/wp-json\/wp\/v2\/comments?post=21351"}],"version-history":[{"count":5,"href":"https:\/\/gudhjemmuseum.dk\/de\/wp-json\/wp\/v2\/pages\/21351\/revisions"}],"predecessor-version":[{"id":21718,"href":"https:\/\/gudhjemmuseum.dk\/de\/wp-json\/wp\/v2\/pages\/21351\/revisions\/21718"}],"wp:featuredmedia":[{"embeddable":true,"href":"https:\/\/gudhjemmuseum.dk\/de\/wp-json\/wp\/v2\/media\/21295"}],"wp:attachment":[{"href":"https:\/\/gudhjemmuseum.dk\/de\/wp-json\/wp\/v2\/media?parent=21351"}],"curies":[{"name":"wp","href":"https:\/\/api.w.org\/{rel}","templated":true}]}}