{"id":20742,"date":"2019-08-29T13:20:25","date_gmt":"2019-08-29T13:20:25","guid":{"rendered":"https:\/\/gudhjemmuseum.dk\/entrepriser\/"},"modified":"2026-01-07T12:06:26","modified_gmt":"2026-01-07T12:06:26","slug":"eintrittspreise","status":"publish","type":"page","link":"https:\/\/gudhjemmuseum.dk\/de\/eintrittspreise\/","title":{"rendered":"Eintrittspreise"},"content":{"rendered":"<p>[vc_row][vc_column width=&#8220;1\/1&#8243;]<div class=\"spacer\" style=\"height: 40px;\"><\/div><h1 class=\"headline font-inherit fontsize-xxl fontweight-inherit lh-inherit align-center transform-inherit \" style=\"margin: 0 0 20px 0;\">Preise \/ Eintritt &#8211; Gudhjem Museum<\/h1>[\/vc_column][\/vc_row][vc_row][vc_column width=&#8220;6\/12&#8243;]<div class=\"spacer\" style=\"height: 25px;\"><\/div>[vc_column_text]<\/p>\n<h2>Preise<\/h2>\n<p><strong>Erwachsene: 65 DKK<\/strong><br \/>\n<strong>Jugendliche unter 18 Jahren und Mitglieder des Vereins Gudhjem By- og Museumsforening: Kostenlos<\/strong><\/p>\n<p>&nbsp;<\/p>\n<p>Eine Mitgliedschaft kostet j\u00e4hrlich 125 DKK oder 250 DKK f\u00fcr den ganzen Haushalt. Eine Mitgliedschaft k\u00f6nnen Sie an der Museumskasse bei einem Besuch abschliessen.[\/vc_column_text][\/vc_column][vc_column width=&#8220;6\/12&#8243;]<div class=\"single_image wpb_content_element align-center   \" data-animation=\"none\" data-delay=\"0\"><img loading=\"lazy\" decoding=\"async\" width=\"1020\" height=\"510\" src=\"https:\/\/gudhjemmuseum.dk\/wp-content\/uploads\/2019\/06\/001_gudhjemmuseum_dsc8431-1_v2_rgb_web.jpg\" class=\"attachment-full\" alt=\"\" srcset=\"https:\/\/gudhjemmuseum.dk\/wp-content\/uploads\/2019\/06\/001_gudhjemmuseum_dsc8431-1_v2_rgb_web.jpg 1020w, https:\/\/gudhjemmuseum.dk\/wp-content\/uploads\/2019\/06\/001_gudhjemmuseum_dsc8431-1_v2_rgb_web-300x150.jpg 300w, https:\/\/gudhjemmuseum.dk\/wp-content\/uploads\/2019\/06\/001_gudhjemmuseum_dsc8431-1_v2_rgb_web-768x384.jpg 768w, https:\/\/gudhjemmuseum.dk\/wp-content\/uploads\/2019\/06\/001_gudhjemmuseum_dsc8431-1_v2_rgb_web-1000x500.jpg 1000w\" sizes=\"auto, (max-width: 1020px) 100vw, 1020px\" \/><\/div>[vc_column_text]Wenn die Flagge oben ist, ist das Museum ge\u00f6ffnet.[\/vc_column_text][\/vc_column][\/vc_row][vc_row][vc_column width=&#8220;1\/1&#8243;][\/vc_column][\/vc_row]<\/p>\n","protected":false},"excerpt":{"rendered":"<p>[vc_row][vc_column width=&#8220;1\/1&#8243;][\/vc_column][\/vc_row][vc_row][vc_column width=&#8220;6\/12&#8243;][vc_column_text] Preise Erwachsene: 65 DKK Jugendliche unter 18 Jahren und Mitglieder des Vereins Gudhjem By- og Museumsforening: Kostenlos &nbsp; Eine Mitgliedschaft kostet j\u00e4hrlich 125 DKK oder 250 DKK f\u00fcr den ganzen Haushalt. Eine Mitgliedschaft k\u00f6nnen Sie an der Museumskasse bei einem Besuch abschliessen.[\/vc_column_text][\/vc_column][vc_column width=&#8220;6\/12&#8243;][vc_column_text]Wenn die Flagge oben ist, ist das Museum ge\u00f6ffnet.[\/vc_column_text][\/vc_column][\/vc_row][vc_row][vc_column width=&#8220;1\/1&#8243;][\/vc_column][\/vc_row]<\/p>\n","protected":false},"author":9,"featured_media":0,"parent":0,"menu_order":0,"comment_status":"closed","ping_status":"closed","template":"","meta":{"_monsterinsights_skip_tracking":false,"_monsterinsights_sitenote_active":false,"_monsterinsights_sitenote_note":"","_monsterinsights_sitenote_category":0,"_uf_show_specific_survey":0,"_uf_disable_surveys":false,"footnotes":""},"class_list":["post-20742","page","type-page","status-publish","hentry"],"aioseo_notices":[],"wps_subtitle":"Eintrittspreise - Gudhjem Museum","_links":{"self":[{"href":"https:\/\/gudhjemmuseum.dk\/de\/wp-json\/wp\/v2\/pages\/20742","targetHints":{"allow":["GET"]}}],"collection":[{"href":"https:\/\/gudhjemmuseum.dk\/de\/wp-json\/wp\/v2\/pages"}],"about":[{"href":"https:\/\/gudhjemmuseum.dk\/de\/wp-json\/wp\/v2\/types\/page"}],"author":[{"embeddable":true,"href":"https:\/\/gudhjemmuseum.dk\/de\/wp-json\/wp\/v2\/users\/9"}],"replies":[{"embeddable":true,"href":"https:\/\/gudhjemmuseum.dk\/de\/wp-json\/wp\/v2\/comments?post=20742"}],"version-history":[{"count":8,"href":"https:\/\/gudhjemmuseum.dk\/de\/wp-json\/wp\/v2\/pages\/20742\/revisions"}],"predecessor-version":[{"id":24913,"href":"https:\/\/gudhjemmuseum.dk\/de\/wp-json\/wp\/v2\/pages\/20742\/revisions\/24913"}],"wp:attachment":[{"href":"https:\/\/gudhjemmuseum.dk\/de\/wp-json\/wp\/v2\/media?parent=20742"}],"curies":[{"name":"wp","href":"https:\/\/api.w.org\/{rel}","templated":true}]}}