{"id":20735,"date":"2016-01-20T22:54:45","date_gmt":"2016-01-20T22:54:45","guid":{"rendered":"https:\/\/gudhjemmuseum.dk\/aabningstider\/"},"modified":"2026-01-07T12:31:11","modified_gmt":"2026-01-07T12:31:11","slug":"oeffnungszeiten","status":"publish","type":"page","link":"https:\/\/gudhjemmuseum.dk\/de\/oeffnungszeiten\/","title":{"rendered":"\u00d6ffnungszeiten"},"content":{"rendered":"<p>[vc_row][vc_column width=&#8220;1\/1&#8243;]<h1 class=\"headline font-inherit fontsize-xxl fontweight-inherit lh-inherit align-center transform-inherit \" style=\"margin: 0 0 20px 0;\">Die \u00d6ffnungszeiten des Gudhjem Museum<\/h1>[\/vc_column][\/vc_row][vc_row][vc_column width=&#8220;6\/12&#8243;]<div class=\"spacer\" style=\"height: 25px;\"><\/div>[vc_column_text]<\/p>\n<h2>Willkommen in der Ausstellungssaison 2026<\/h2>\n<h3><strong>Ausstellungsplan<\/strong><\/h3>\n<p>&nbsp;<\/p>\n<p>01\/01 \u2013 27\/03: Geschlossen<\/p>\n<p>*<\/p>\n<p>28\/03 \u2013 18\/10: Die Dauerausstellungen des Museums im Stationsgeb\u00e4ude: <a href=\"https:\/\/gudhjemmuseum.dk\/de\/portfolio-item\/oluf-hoest-skizzensammlung\/\"><em>Skizzensammlung von Oluf H\u00f8st<\/em>,<\/a>\u00a0<a href=\"https:\/\/gudhjemmuseum.dk\/de\/portfolio-item\/die-gudhjembahn\/\">&#8222;<em>Der Bahnhof und die Gudhjem-Bahn&#8220;<\/em><\/a>,\u00a0 sowie eine Sonderausstellung mit <a href=\"https:\/\/gudhjemmuseum.dk\/de\/portfolio-item\/28-maerz-18-oktober-2026-ausstellung-sigurd-vasegaard-holzschnitte\/\"><em>Sigurd Vasegaard<\/em><\/a> im Vestib\u00fcl.<\/p>\n<p>&nbsp;<\/p>\n<p>28\/03 \u2013 03\/05:\u00a0 <a href=\"https:\/\/gudhjemmuseum.dk\/de\/portfolio-item\/28-maerz-3-mai-2026-ausstellung-meine-portraets\/\"><em>&#8222;MINE PORTR\u00c6TTER (MEINE PORTR\u00c4TS)&#8220;<\/em><\/a>, Lisa H\u00f8yrup, retrospektiv, Ausstellung im Ausstellungssaal.<\/p>\n<p>Im gleichen Zeitraum pr\u00e4sentiert das Museum ausgew\u00e4hlte Portr\u00e4ts aus der eigenen Sammlung im Stationsgeb\u00e4ude.<\/p>\n<p>Vernissage: Samstag, 28. M\u00e4rz, 14:00\u201316:00 Uhr<br \/>\n\u00d6ffnungszeiten:<br \/>\nDonnerstag\u2013Sonntag, 11\u201316 Uhr<\/p>\n<p>&nbsp;<\/p>\n<p>04\/05 \u2013 08\/05: Geschlossen<\/p>\n<p>&nbsp;<\/p>\n<p>09\/05 \u2013 05\/07: <em>\u201cEarthbound\u201d<\/em> im Ausstellungssaal. Verkaufsausstellung f\u00fcr <em>Frands Guldmann<\/em> im Stationsgeb\u00e4ude.<\/p>\n<p>Vernissage: Samstag, 09. Mai, 14:00\u201316:00 Uhr<br \/>\n\u00d6ffnungszeiten:<strong><br \/>\n<\/strong>Donnerstag\u2013Sonntag, 11\u201316 Uhr<\/p>\n<p>&nbsp;<\/p>\n<p>06\/07 \u2013 10\/07: Geschlossen<\/p>\n<p>&nbsp;<\/p>\n<p>11\/07 \u2013 23\/08: <em>Holkahestens Sommerausstellung 2026<\/em>\u00a0im Ausstellungssaal. Verkaufsausstellung f\u00fcr Frands Guldmann im Stationsgeb\u00e4ude.<\/p>\n<p>Vernissage: Samstag, 11. Juli, 14:00\u201316:00 Uhr<br \/>\n\u00d6ffnungszeiten:<br \/>\nDonnerstag\u2013Sonntag, 11\u201316 Uhr<\/p>\n<p>&nbsp;<\/p>\n<p>24\/08 \u2013 28\/08: Geschlossen<\/p>\n<p>&nbsp;<\/p>\n<p>29\/08 \u2013 18\/10: <em>Kunsthandwerk<\/em> im Ausstellungssaal. <em>Peter Kruse Larsen<\/em> im Stationsgeb\u00e4ude.<br \/>\nVernissage: Samstag, 29. August, 14:00\u201316:00 Uhr<br \/>\n\u00d6ffnungszeiten:<br \/>\n06\/09 -14\/09:<\/p>\n<p>Donnerstag\u2013Sonntag, 11\u201316 Uhr<\/p>\n<p>&nbsp;<\/p>\n<p>Zus\u00e4tzliche \u00d6ffnungszeiten k\u00f6nnen f\u00fcr Gruppen ab 10 Personen oder mehr arrangiert werden. Bitte wenden Sie sich an Anita Holm unter Tel: 2347 1701 oder per E-Mail: <a href=\"mailto:ellen.holm0@gmail.com\">ellen.holm0@gmail.com<\/a><\/p>\n<p>&nbsp;<\/p>\n<p>Weitere Informationen zu den einzelnen Ausstellungen werden Anfang 2026 verf\u00fcgbar sein.<\/p>\n<p>&nbsp;<\/p>\n<p>In der Bahnhofsgeb\u00e4ude werden lokalhistorische Ausstellungen gezeigt:\u00a0 \u00a0<a href=\"https:\/\/gudhjemmuseum.dk\/de\/portfolio-item\/die-gudhjembahn\/\">&#8222;Der Bahnhof und die Gudhjem-Bahn&#8220; <\/a>und die <a href=\"https:\/\/gudhjemmuseum.dk\/de\/portfolio-item\/oluf-hoest-skizzensammlung\/\">Skizzensammlung von Oluf H\u00f8st<\/a> sind w\u00e4hrend der oben genannten Zeitr\u00e4ume alle ge\u00f6ffnet.&#8220;<\/p>\n<p>&nbsp;<\/p>\n<p>&nbsp;<\/p>\n<p>Weitere Informationen auch in\u00a0<a href=\"https:\/\/gudhjemmuseum.dk\/de\/\">unserem Kalender<\/a>\u00a0auf der Vorderseite.[\/vc_column_text][\/vc_column][vc_column width=&#8220;6\/12&#8243;]<div class=\"single_image wpb_content_element align-center   \" data-animation=\"none\" data-delay=\"0\"><img loading=\"lazy\" decoding=\"async\" width=\"1020\" height=\"510\" src=\"https:\/\/gudhjemmuseum.dk\/wp-content\/uploads\/2019\/06\/001_gudhjemmuseum_dsc8431-1_v2_rgb_web.jpg\" class=\"attachment-full\" alt=\"\" srcset=\"https:\/\/gudhjemmuseum.dk\/wp-content\/uploads\/2019\/06\/001_gudhjemmuseum_dsc8431-1_v2_rgb_web.jpg 1020w, https:\/\/gudhjemmuseum.dk\/wp-content\/uploads\/2019\/06\/001_gudhjemmuseum_dsc8431-1_v2_rgb_web-300x150.jpg 300w, https:\/\/gudhjemmuseum.dk\/wp-content\/uploads\/2019\/06\/001_gudhjemmuseum_dsc8431-1_v2_rgb_web-768x384.jpg 768w, https:\/\/gudhjemmuseum.dk\/wp-content\/uploads\/2019\/06\/001_gudhjemmuseum_dsc8431-1_v2_rgb_web-1000x500.jpg 1000w\" sizes=\"auto, (max-width: 1020px) 100vw, 1020px\" \/><\/div>[vc_column_text]Ist die Flagge oben, ist das Museum ge\u00f6ffnet[\/vc_column_text][\/vc_column][\/vc_row]<\/p>\n","protected":false},"excerpt":{"rendered":"<p>[vc_row][vc_column width=&#8220;1\/1&#8243;][\/vc_column][\/vc_row][vc_row][vc_column width=&#8220;6\/12&#8243;][vc_column_text] Willkommen in der Ausstellungssaison 2026 Ausstellungsplan &nbsp; 01\/01 \u2013 27\/03: Geschlossen * 28\/03 \u2013 18\/10: Die Dauerausstellungen des Museums im Stationsgeb\u00e4ude: Skizzensammlung von Oluf H\u00f8st,\u00a0&#8222;Der Bahnhof und die Gudhjem-Bahn&#8220;,\u00a0 sowie eine Sonderausstellung mit Sigurd Vasegaard im Vestib\u00fcl. &nbsp; 28\/03 \u2013 03\/05:\u00a0 &#8222;MINE PORTR\u00c6TTER (MEINE PORTR\u00c4TS)&#8220;, Lisa H\u00f8yrup, retrospektiv, Ausstellung im Ausstellungssaal. Im gleichen Zeitraum pr\u00e4sentiert das Museum ausgew\u00e4hlte Portr\u00e4ts aus der eigenen Sammlung im Stationsgeb\u00e4ude. Vernissage: Samstag, 28. M\u00e4rz, 14:00\u201316:00 Uhr \u00d6ffnungszeiten: Donnerstag\u2013Sonntag, 11\u201316 Uhr &nbsp; 04\/05 \u2013 08\/05: Geschlossen &nbsp; 09\/05 \u2013 05\/07: \u201cEarthbound\u201d im Ausstellungssaal. Verkaufsausstellung f\u00fcr Frands Guldmann im Stationsgeb\u00e4ude. Vernissage: Samstag, 09. Mai, 14:00\u201316:00 Uhr \u00d6ffnungszeiten: Donnerstag\u2013Sonntag, 11\u201316 Uhr &nbsp; 06\/07 \u2013 10\/07: Geschlossen &nbsp; 11\/07 \u2013 23\/08: Holkahestens Sommerausstellung 2026\u00a0im Ausstellungssaal. Verkaufsausstellung f\u00fcr Frands Guldmann im Stationsgeb\u00e4ude. Vernissage: Samstag, 11. Juli, 14:00\u201316:00 Uhr \u00d6ffnungszeiten: Donnerstag\u2013Sonntag, 11\u201316 Uhr &nbsp; 24\/08 \u2013 28\/08: Geschlossen &nbsp; 29\/08 \u2013 18\/10: Kunsthandwerk im Ausstellungssaal. Peter Kruse Larsen im Stationsgeb\u00e4ude. Vernissage: Samstag, 29. August, 14:00\u201316:00 Uhr \u00d6ffnungszeiten: 06\/09 -14\/09: Donnerstag\u2013Sonntag, 11\u201316 Uhr &nbsp; Zus\u00e4tzliche \u00d6ffnungszeiten k\u00f6nnen f\u00fcr Gruppen ab 10 Personen oder mehr arrangiert werden. Bitte wenden Sie sich an Anita Holm unter Tel: 2347 1701 oder per E-Mail: ellen.holm0@gmail.com &nbsp; Weitere Informationen zu den einzelnen Ausstellungen werden [&hellip;]<\/p>\n","protected":false},"author":14,"featured_media":0,"parent":0,"menu_order":0,"comment_status":"closed","ping_status":"closed","template":"","meta":{"_monsterinsights_skip_tracking":false,"_monsterinsights_sitenote_active":false,"_monsterinsights_sitenote_note":"","_monsterinsights_sitenote_category":0,"_uf_show_specific_survey":0,"_uf_disable_surveys":false,"footnotes":""},"class_list":["post-20735","page","type-page","status-publish","hentry"],"aioseo_notices":[],"wps_subtitle":"Die \u00d6ffnungszeiten des Museums","_links":{"self":[{"href":"https:\/\/gudhjemmuseum.dk\/de\/wp-json\/wp\/v2\/pages\/20735","targetHints":{"allow":["GET"]}}],"collection":[{"href":"https:\/\/gudhjemmuseum.dk\/de\/wp-json\/wp\/v2\/pages"}],"about":[{"href":"https:\/\/gudhjemmuseum.dk\/de\/wp-json\/wp\/v2\/types\/page"}],"author":[{"embeddable":true,"href":"https:\/\/gudhjemmuseum.dk\/de\/wp-json\/wp\/v2\/users\/14"}],"replies":[{"embeddable":true,"href":"https:\/\/gudhjemmuseum.dk\/de\/wp-json\/wp\/v2\/comments?post=20735"}],"version-history":[{"count":33,"href":"https:\/\/gudhjemmuseum.dk\/de\/wp-json\/wp\/v2\/pages\/20735\/revisions"}],"predecessor-version":[{"id":24921,"href":"https:\/\/gudhjemmuseum.dk\/de\/wp-json\/wp\/v2\/pages\/20735\/revisions\/24921"}],"wp:attachment":[{"href":"https:\/\/gudhjemmuseum.dk\/de\/wp-json\/wp\/v2\/media?parent=20735"}],"curies":[{"name":"wp","href":"https:\/\/api.w.org\/{rel}","templated":true}]}}