{"id":20716,"date":"2021-03-27T10:32:09","date_gmt":"2021-03-27T10:32:09","guid":{"rendered":"https:\/\/gudhjemmuseum.dk\/oplevgudhjemtilfods\/"},"modified":"2022-03-12T11:50:57","modified_gmt":"2022-03-12T11:50:57","slug":"gudhjem-zu-fuss","status":"publish","type":"page","link":"https:\/\/gudhjemmuseum.dk\/de\/gudhjem-zu-fuss\/","title":{"rendered":"Gudhjem zu Fuss erleben"},"content":{"rendered":"<p>[vc_row][vc_column width=&#8220;1\/1&#8243;]<h1 class=\"headline font-inherit fontsize-xxl fontweight-inherit lh-inherit align-center transform-inherit \" style=\"margin: 0 0 20px 0;\">Gudhjem zu Fuss erleben<\/h1><div class=\"spacer\" style=\"height: 40px;\"><\/div>[\/vc_column][\/vc_row][vc_row][vc_column width=&#8220;1\/1&#8243;][vc_column_text]<\/p>\n<h2 style=\"text-align: center;\">Willkommen in der Berg- und Sch\u00e4renhofstadt<\/h2>\n<p>&nbsp;<\/p>\n<p>Wir beschreiben eine Reihe von verschiedenen Wegen, denen Ihr von den 3 kostenlos-Parkpl\u00e4tzen in der Oberstadt folgen k\u00f6nnt.<\/p>\n<p>&nbsp;<\/p>\n<p>Ein Parkplatz befindet sich am Gudhjemvej an der Schwimmhalle, einer am Helligdomsvej an der F24-Tankstelle und einer am Melstedvej zwischen dem neuen Friedhof und Melsted selbst &#8211; direkt gegen\u00fcber dem Schmetterlingsfeld.<\/p>\n<p>&nbsp;<\/p>\n<p>Erlebt Gudhjem von verschiedenen Stellen und Winkeln, die wir als Einheimische sch\u00e4tzen &#8211; und gerne mit den G\u00e4sten der Stadt teilen wollen.<\/p>\n<p>&nbsp;<\/p>\n<p>Im folgenden findet Ihr Beschreibungen der verschiedenen Wege und Routen, die zus\u00e4tzliche Erlebnisse und Erlebnisse auf den Weg von den Parkpl\u00e4tzen zum Hafen bieten. W\u00e4hlt beispielsweise eine bestimmte Tour zum Hafen und geht einen anderen Weg zur\u00fcck zum Parkplatz.[\/vc_column_text]<div class=\"spacer\" style=\"height: 40px;\"><\/div><div class=\"blog-shortcode blog-page blog-medium\"><div class=\"blog-wrap\"><article id=\"post-21550\" class=\"clearfix post-21550 post type-post status-publish format-standard has-post-thumbnail hentry category-gaature-de\">\n    \n        <div class=\"entry-image\">\n        <a href=\"https:\/\/gudhjemmuseum.dk\/de\/karte-mit-erlebnispfaden\/\" title=\"Permalink to Hier bekommt Ihr eine Karte mit Erlebnispfaden\" rel=\"bookmark\">\n            <img loading=\"lazy\" decoding=\"async\" width=\"600\" height=\"400\" src=\"https:\/\/gudhjemmuseum.dk\/wp-content\/uploads\/2021\/06\/IMG_4941-600x400.jpg\" class=\"attachment-portfolio size-portfolio wp-post-image\" alt=\"\" \/>        <\/a>\n    <\/div>\n        \n    <div class=\"entry-wrap\">\n\n        <div class=\"entry-title\">\n        \t<h2><a href=\"https:\/\/gudhjemmuseum.dk\/de\/karte-mit-erlebnispfaden\/\" title=\"Permalink to Hier bekommt Ihr eine Karte mit Erlebnispfaden\" rel=\"bookmark\">Hier bekommt Ihr eine Karte mit Erlebnispfaden<\/a><\/h2>\n        <\/div>\n\n        <div class=\"entry-content\">\n        \tIn der Touristeninformation auf Bornholm erhaltet Ihr eine wundersch\u00f6ne und inspirierende Karte mit eingezeichneten Wegen und Pfaden von den drei Parkpl\u00e4tzen in der Oberstadt. Die Karte ist illustriert und enth\u00e4lt... <a class=\"read-more-link\" href=\"https:\/\/gudhjemmuseum.dk\/de\/karte-mit-erlebnispfaden\/\">read more  &rarr;<\/a>        <\/div>\n\n        <div class=\"entry-meta\">\n            <ul>\n\t\t\t\t\t<\/ul>\n        <\/div>\n\n    <\/div>\n\n<\/article><!-- #post -->\n\n<div class=\"clear\"><\/div><article id=\"post-21641\" class=\"clearfix post-21641 post type-post status-publish format-standard has-post-thumbnail hentry category-gaature-de\">\n    \n        <div class=\"entry-image\">\n        <a href=\"https:\/\/gudhjemmuseum.dk\/de\/der-holkaweg\/\" title=\"Permalink to Der Holkastien (der Holkaweg)\" rel=\"bookmark\">\n            <img loading=\"lazy\" decoding=\"async\" width=\"600\" height=\"400\" src=\"https:\/\/gudhjemmuseum.dk\/wp-content\/uploads\/2020\/06\/Holkahesten-600x400.jpg\" class=\"attachment-portfolio size-portfolio wp-post-image\" alt=\"\" \/>        <\/a>\n    <\/div>\n        \n    <div class=\"entry-wrap\">\n\n        <div class=\"entry-title\">\n        \t<h2><a href=\"https:\/\/gudhjemmuseum.dk\/de\/der-holkaweg\/\" title=\"Permalink to Der Holkastien (der Holkaweg)\" rel=\"bookmark\">Der Holkastien (der Holkaweg)<\/a><\/h2>\n        <\/div>\n\n        <div class=\"entry-content\">\n        \tBeginnt am Parkplatz am Helligdomsvej (also an der Tankstelle), von wo aus Ihr zun\u00e4chst dem Helligdomvej in Richtung Allinge und der Holkabr\u00fccke folgt. Der erste Weg, auf den Ihr trefft,... <a class=\"read-more-link\" href=\"https:\/\/gudhjemmuseum.dk\/de\/der-holkaweg\/\">read more  &rarr;<\/a>        <\/div>\n\n        <div class=\"entry-meta\">\n            <ul>\n\t\t\t\t\t<\/ul>\n        <\/div>\n\n    <\/div>\n\n<\/article><!-- #post -->\n\n<div class=\"clear\"><\/div><article id=\"post-21658\" class=\"clearfix post-21658 post type-post status-publish format-standard has-post-thumbnail hentry category-gaature-de\">\n    \n        <div class=\"entry-image\">\n        <a href=\"https:\/\/gudhjemmuseum.dk\/de\/der-kulturweg\/\" title=\"Permalink to Der Kulturweg\" rel=\"bookmark\">\n            <img loading=\"lazy\" decoding=\"async\" width=\"600\" height=\"400\" src=\"https:\/\/gudhjemmuseum.dk\/wp-content\/uploads\/2021\/04\/IMG_4535-e1617547791110-600x400.jpg\" class=\"attachment-portfolio size-portfolio wp-post-image\" alt=\"\" \/>        <\/a>\n    <\/div>\n        \n    <div class=\"entry-wrap\">\n\n        <div class=\"entry-title\">\n        \t<h2><a href=\"https:\/\/gudhjemmuseum.dk\/de\/der-kulturweg\/\" title=\"Permalink to Der Kulturweg\" rel=\"bookmark\">Der Kulturweg<\/a><\/h2>\n        <\/div>\n\n        <div class=\"entry-content\">\n        \tBeginnt Euren Spaziergang am Parkplatz Melstedvej. \u00dcberquert die Strasse an der Einfahrt zum Parkplatz. Das Feld auf der gegen\u00fcberliegenden Seite ist das Schmetterlingsfeld vom Gudhjem Museum. Hier sind die Wege... <a class=\"read-more-link\" href=\"https:\/\/gudhjemmuseum.dk\/de\/der-kulturweg\/\">read more  &rarr;<\/a>        <\/div>\n\n        <div class=\"entry-meta\">\n            <ul>\n\t\t\t\t\t<\/ul>\n        <\/div>\n\n    <\/div>\n\n<\/article><!-- #post -->\n\n<div class=\"clear\"><\/div><article id=\"post-21672\" class=\"clearfix post-21672 post type-post status-publish format-standard has-post-thumbnail hentry category-gaature-de\">\n    \n        <div class=\"entry-image\">\n        <a href=\"https:\/\/gudhjemmuseum.dk\/de\/der-naturweg\/\" title=\"Permalink to Der Naturstien &#8211; der Naturweg\" rel=\"bookmark\">\n            <img loading=\"lazy\" decoding=\"async\" width=\"600\" height=\"400\" src=\"https:\/\/gudhjemmuseum.dk\/wp-content\/uploads\/2021\/04\/IMG_1609-e1618136298493-600x400.jpg\" class=\"attachment-portfolio size-portfolio wp-post-image\" alt=\"\" \/>        <\/a>\n    <\/div>\n        \n    <div class=\"entry-wrap\">\n\n        <div class=\"entry-title\">\n        \t<h2><a href=\"https:\/\/gudhjemmuseum.dk\/de\/der-naturweg\/\" title=\"Permalink to Der Naturstien &#8211; der Naturweg\" rel=\"bookmark\">Der Naturstien &#8211; der Naturweg<\/a><\/h2>\n        <\/div>\n\n        <div class=\"entry-content\">\n        \tBeginnt am Parkplatz am Gudhjemvej. Geht den Duebakken hinauf, am Kaffeeschloss vorbei, das 1912 vom Kaffeegrossist Sahl gebaut wurde. Die Materialen dazu stammen vom ehemaligen Hauptbahnhof in Kopenhagen. Geht weiter... <a class=\"read-more-link\" href=\"https:\/\/gudhjemmuseum.dk\/de\/der-naturweg\/\">read more  &rarr;<\/a>        <\/div>\n\n        <div class=\"entry-meta\">\n            <ul>\n\t\t\t\t\t<\/ul>\n        <\/div>\n\n    <\/div>\n\n<\/article><!-- #post -->\n\n<div class=\"clear\"><\/div><article id=\"post-21678\" class=\"clearfix post-21678 post type-post status-publish format-standard has-post-thumbnail hentry category-gaature-de\">\n    \n        <div class=\"entry-image\">\n        <a href=\"https:\/\/gudhjemmuseum.dk\/de\/der-felsenweg\/\" title=\"Permalink to Klippestien &#8211; der Felsenweg\" rel=\"bookmark\">\n            <img loading=\"lazy\" decoding=\"async\" width=\"600\" height=\"400\" src=\"https:\/\/gudhjemmuseum.dk\/wp-content\/uploads\/2021\/03\/IMG_4379-e1616843330285-600x400.jpg\" class=\"attachment-portfolio size-portfolio wp-post-image\" alt=\"\" \/>        <\/a>\n    <\/div>\n        \n    <div class=\"entry-wrap\">\n\n        <div class=\"entry-title\">\n        \t<h2><a href=\"https:\/\/gudhjemmuseum.dk\/de\/der-felsenweg\/\" title=\"Permalink to Klippestien &#8211; der Felsenweg\" rel=\"bookmark\">Klippestien &#8211; der Felsenweg<\/a><\/h2>\n        <\/div>\n\n        <div class=\"entry-content\">\n        \tBeginnt am Parkplaty am Melstedvej. Verlasst das Parkgel\u00e4nde am gegen\u00fcber liegenden Ende. Wenn Ihr auf den Jernk\u00e5svej kommt, dann k\u00f6nnt Ihr die Ostsee mit Christians\u00f8 am Horizont sehen. Am Ende... <a class=\"read-more-link\" href=\"https:\/\/gudhjemmuseum.dk\/de\/der-felsenweg\/\">read more  &rarr;<\/a>        <\/div>\n\n        <div class=\"entry-meta\">\n            <ul>\n\t\t\t\t\t<\/ul>\n        <\/div>\n\n    <\/div>\n\n<\/article><!-- #post -->\n\n<div class=\"clear\"><\/div><article id=\"post-21701\" class=\"clearfix post-21701 post type-post status-publish format-standard has-post-thumbnail hentry category-gaature-de tag-gaatur-de tag-gudhjem-til-fods-de tag-parkering-de tag-trafik-de\">\n    \n        <div class=\"entry-image\">\n        <a href=\"https:\/\/gudhjemmuseum.dk\/de\/der-einkaufsweg\/\" title=\"Permalink to Shoppingstien &#8211; der Einkaufsweg\" rel=\"bookmark\">\n            <img loading=\"lazy\" decoding=\"async\" width=\"600\" height=\"400\" src=\"https:\/\/gudhjemmuseum.dk\/wp-content\/uploads\/2021\/04\/IMG_4519-e1617280768797-600x400.jpg\" class=\"attachment-portfolio size-portfolio wp-post-image\" alt=\"\" \/>        <\/a>\n    <\/div>\n        \n    <div class=\"entry-wrap\">\n\n        <div class=\"entry-title\">\n        \t<h2><a href=\"https:\/\/gudhjemmuseum.dk\/de\/der-einkaufsweg\/\" title=\"Permalink to Shoppingstien &#8211; der Einkaufsweg\" rel=\"bookmark\">Shoppingstien &#8211; der Einkaufsweg<\/a><\/h2>\n        <\/div>\n\n        <div class=\"entry-content\">\n        \tBeginnt am Parkplatz am Helligdomsvej (der oberhalb der Stadt, direkt an der F24-Tankstelle). Wenn Ihr dann die Br\u00f8ddegade hinuntergeht, bekommt Ihr einen ersten Eindruck der Bergstadt. Br\u00f8ddan - die \"Einkaufstrasse\"... <a class=\"read-more-link\" href=\"https:\/\/gudhjemmuseum.dk\/de\/der-einkaufsweg\/\">read more  &rarr;<\/a>        <\/div>\n\n        <div class=\"entry-meta\">\n            <ul>\n\t\t\t\t\t<\/ul>\n        <\/div>\n\n    <\/div>\n\n<\/article><!-- #post -->\n\n<div class=\"clear\"><\/div><\/div><\/div>[\/vc_column][\/vc_row]<\/p>\n","protected":false},"excerpt":{"rendered":"<p>[vc_row][vc_column width=&#8220;1\/1&#8243;][\/vc_column][\/vc_row][vc_row][vc_column width=&#8220;1\/1&#8243;][vc_column_text] Willkommen in der Berg- und Sch\u00e4renhofstadt &nbsp; Wir beschreiben eine Reihe von verschiedenen Wegen, denen Ihr von den 3 kostenlos-Parkpl\u00e4tzen in der Oberstadt folgen k\u00f6nnt. &nbsp; Ein Parkplatz befindet sich am Gudhjemvej an der Schwimmhalle, einer am Helligdomsvej an der F24-Tankstelle und einer am Melstedvej zwischen dem neuen Friedhof und Melsted selbst &#8211; direkt gegen\u00fcber dem Schmetterlingsfeld. &nbsp; Erlebt Gudhjem von verschiedenen Stellen und Winkeln, die wir als Einheimische sch\u00e4tzen &#8211; und gerne mit den G\u00e4sten der Stadt teilen wollen. &nbsp; Im folgenden findet Ihr Beschreibungen der verschiedenen Wege und Routen, die zus\u00e4tzliche Erlebnisse und Erlebnisse auf den Weg von den Parkpl\u00e4tzen zum Hafen bieten. W\u00e4hlt beispielsweise eine bestimmte Tour zum Hafen und geht einen anderen Weg zur\u00fcck zum Parkplatz.[\/vc_column_text][\/vc_column][\/vc_row]<\/p>\n","protected":false},"author":9,"featured_media":20717,"parent":0,"menu_order":0,"comment_status":"closed","ping_status":"closed","template":"","meta":{"_monsterinsights_skip_tracking":false,"_monsterinsights_sitenote_active":false,"_monsterinsights_sitenote_note":"","_monsterinsights_sitenote_category":0,"_uf_show_specific_survey":0,"_uf_disable_surveys":false,"footnotes":""},"class_list":["post-20716","page","type-page","status-publish","has-post-thumbnail","hentry"],"aioseo_notices":[],"wps_subtitle":"So erhaltet Ihr das beste Erlebnis bei Eurem Besuch der Bergstadt","_links":{"self":[{"href":"https:\/\/gudhjemmuseum.dk\/de\/wp-json\/wp\/v2\/pages\/20716","targetHints":{"allow":["GET"]}}],"collection":[{"href":"https:\/\/gudhjemmuseum.dk\/de\/wp-json\/wp\/v2\/pages"}],"about":[{"href":"https:\/\/gudhjemmuseum.dk\/de\/wp-json\/wp\/v2\/types\/page"}],"author":[{"embeddable":true,"href":"https:\/\/gudhjemmuseum.dk\/de\/wp-json\/wp\/v2\/users\/9"}],"replies":[{"embeddable":true,"href":"https:\/\/gudhjemmuseum.dk\/de\/wp-json\/wp\/v2\/comments?post=20716"}],"version-history":[{"count":6,"href":"https:\/\/gudhjemmuseum.dk\/de\/wp-json\/wp\/v2\/pages\/20716\/revisions"}],"predecessor-version":[{"id":21671,"href":"https:\/\/gudhjemmuseum.dk\/de\/wp-json\/wp\/v2\/pages\/20716\/revisions\/21671"}],"wp:featuredmedia":[{"embeddable":true,"href":"https:\/\/gudhjemmuseum.dk\/de\/wp-json\/wp\/v2\/media\/20717"}],"wp:attachment":[{"href":"https:\/\/gudhjemmuseum.dk\/de\/wp-json\/wp\/v2\/media?parent=20716"}],"curies":[{"name":"wp","href":"https:\/\/api.w.org\/{rel}","templated":true}]}}