{"id":20708,"date":"2019-07-07T08:14:50","date_gmt":"2019-07-07T08:14:50","guid":{"rendered":"https:\/\/gudhjemmuseum.dk\/museum\/"},"modified":"2024-04-01T07:43:13","modified_gmt":"2024-04-01T07:43:13","slug":"museum","status":"publish","type":"page","link":"https:\/\/gudhjemmuseum.dk\/de\/museum\/","title":{"rendered":"Das Museum"},"content":{"rendered":"<p>[vc_row][vc_column width=&#8220;1\/1&#8243;]<div class=\"spacer\" style=\"height: 40px;\"><\/div><h1 class=\"headline font-inherit fontsize-xxl fontweight-inherit lh-inherit align-center transform-inherit \" style=\"margin: 0 0 20px 0;\">Gudhjem Museum<\/h1>[\/vc_column][\/vc_row][vc_row][vc_column width=&#8220;1\/12&#8243;][\/vc_column][vc_column width=&#8220;8\/12&#8243;]<div class=\"spacer\" style=\"height: 40px;\"><\/div><div class=\"single_image wpb_content_element align-left   \" data-animation=\"none\" data-delay=\"0\"><img loading=\"lazy\" decoding=\"async\" width=\"1609\" height=\"1080\" src=\"https:\/\/gudhjemmuseum.dk\/wp-content\/uploads\/2020\/10\/gudhjemmuseum_websize-3.jpg\" class=\"attachment-full\" alt=\"\" srcset=\"https:\/\/gudhjemmuseum.dk\/wp-content\/uploads\/2020\/10\/gudhjemmuseum_websize-3.jpg 1609w, https:\/\/gudhjemmuseum.dk\/wp-content\/uploads\/2020\/10\/gudhjemmuseum_websize-3-300x201.jpg 300w, https:\/\/gudhjemmuseum.dk\/wp-content\/uploads\/2020\/10\/gudhjemmuseum_websize-3-1024x687.jpg 1024w, https:\/\/gudhjemmuseum.dk\/wp-content\/uploads\/2020\/10\/gudhjemmuseum_websize-3-768x516.jpg 768w, https:\/\/gudhjemmuseum.dk\/wp-content\/uploads\/2020\/10\/gudhjemmuseum_websize-3-1536x1031.jpg 1536w\" sizes=\"auto, (max-width: 1609px) 100vw, 1609px\" \/><\/div><div class=\"spacer\" style=\"height: 20px;\"><\/div>[vc_column_text]<\/p>\n<h2>In Gudhjem wird Kunst, Natur und Geschichte an einem Ort versammelt.<\/h2>\n<p>Gudhjem Museum zeigt pro Jahr etwa 6-7 wechselnde Ausstellungen, vorrangig mit Fokus auf Bornholmer Kunst und Kunsthandwerk im hellen und einladenden Ausstellungssaal.<\/p>\n<p>&nbsp;<\/p>\n<p>Im denkmalgesch\u00fctzten Bahnhofsgeb\u00e4ude von 1916 k\u00f6nnt Ihr Euch in die Lokalgeschichte der Stadt Gudhjem und in unsere Skizzensammlung mit Werken von u.a. Oluf H\u00f8st vertiefen.<\/p>\n<p>&nbsp;<\/p>\n<p>Das Bahnhofsgeb\u00e4ude mit seiner einzigartigen Architektur und originaler Einrichtung ist an sich schon einen Besuch wert.<\/p>\n<p>&nbsp;<\/p>\n<p>Geht auf Entdeckungsreise entlang der Pfade im neu angelegten 15.000 m\u00b2 grossen Feld mit wilden Blumen, Schmetterlingen und Skulpturen.<\/p>\n<p>&nbsp;<\/p>\n<p>Die Ausstellungssaison dauert vom fr\u00fchen Fr\u00fchling bis hin zum sp\u00e4ten Herbst.<\/p>\n<p>&nbsp;<\/p>\n<p>Weitere Informationen zu aktuellen Ausstellungen und Veranstaltungen hier:[\/vc_column_text]<div class=\"spacer\" style=\"height: 40px;\"><\/div><div class=\"spacer\" style=\"height: 40px;\"><\/div><div class=\"spacer\" style=\"height: 40px;\"><\/div>\n\t<div class=\"portfolio-element\">\n\n\t\n\t\t\t<div class=\"container\">\n\t\n\t\t\t\t<div id=\"1011396083\" class=\"portfolio-items portfolio-default portfolio-overlay-name clearfix\" data-id=\"1011396083\">  \n\t\t\t\t\t\n\t\t\t\t\t\t\n\t\t\t\t\t\t\n\t\t\t\t\t\n\t\t\t\t\t\t\t\t\t\t\t\t\t\t\n\t\t\t\t\t\t\t   \n\n\t\t\t\t\t\t\t<div class=\"term-kommende-udstillinger-og-arrangementer-de term-udstillinger-og-arrangementer-de portfolio-item eight columns\">\n\t\t\t\t\t\t\t\t<div class=\"portfolio-image\"><a href=\"https:\/\/gudhjemmuseum.dk\/de\/portfolio-item\/portraets-der-sammlung\/\" title=\"28. M\u00e4rz &#8211; 3. Mai 2026: Portr\u00e4ts der Sammlung\"><div class=\"portfolio-image-img\"><img decoding=\"async\" src=\"https:\/\/gudhjemmuseum.dk\/wp-content\/uploads\/2026\/02\/IMG_3879-600x400.jpg\" alt=\"28. M\u00e4rz &#8211; 3. Mai 2026: Portr\u00e4ts der Sammlung\" \/><\/div><div class=\"portfolio-overlay overlay-name\"><span>28. M\u00e4rz &#8211; 3. Mai 2026: Portr\u00e4ts der Sammlung<\/span><i class=\"icon-minti-plus\"><\/i><\/div><\/a><\/div>\n\t\t\t\t\t\t\t\t<h4><a href=\"https:\/\/gudhjemmuseum.dk\/de\/portfolio-item\/portraets-der-sammlung\/\" title=\"28. M\u00e4rz &#8211; 3. Mai 2026: Portr\u00e4ts der Sammlung\">28. M\u00e4rz &#8211; 3. Mai 2026: Portr\u00e4ts der Sammlung<\/a><\/h4>\n\t\t\t\t\t\t\t\t<span class=\"portfolio-subtitle\"><\/span>\n\t\t\t\t\t\t\t<\/div>\n\n\t\t\t\t\t\t\t\t\t\t  \n\t\t\t\t\t\n\t\t\t\t\t\t\n\t\t\t\t\t\t\n\t\t\t\t\t\n\t\t\t\t\t\t\t\t\t\t\t\t\t\t\n\t\t\t\t\t\t\t   \n\n\t\t\t\t\t\t\t<div class=\"term-kommende-udstillinger-og-arrangementer-de term-udstillinger-og-arrangementer-de portfolio-item eight columns\">\n\t\t\t\t\t\t\t\t<div class=\"portfolio-image\"><a href=\"https:\/\/gudhjemmuseum.dk\/de\/portfolio-item\/28-maerz-18-oktober-2026-ausstellung-sigurd-vasegaard-holzschnitte\/\" title=\"28. M\u00e4rz &#8211; 18. Oktober 2026. Ausstellung: Sigurd Vasegaard \u2013 Holzschnitte\"><div class=\"portfolio-image-img\"><img decoding=\"async\" src=\"https:\/\/gudhjemmuseum.dk\/wp-content\/uploads\/2025\/12\/IMG_3798-KOPI-600x400.jpg\" alt=\"28. M\u00e4rz &#8211; 18. Oktober 2026. Ausstellung: Sigurd Vasegaard \u2013 Holzschnitte\" \/><\/div><div class=\"portfolio-overlay overlay-name\"><span>28. M\u00e4rz &#8211; 18. Oktober 2026. Ausstellung: Sigurd Vasegaard \u2013 Holzschnitte<\/span><i class=\"icon-minti-plus\"><\/i><\/div><\/a><\/div>\n\t\t\t\t\t\t\t\t<h4><a href=\"https:\/\/gudhjemmuseum.dk\/de\/portfolio-item\/28-maerz-18-oktober-2026-ausstellung-sigurd-vasegaard-holzschnitte\/\" title=\"28. M\u00e4rz &#8211; 18. Oktober 2026. Ausstellung: Sigurd Vasegaard \u2013 Holzschnitte\">28. M\u00e4rz &#8211; 18. Oktober 2026. Ausstellung: Sigurd Vasegaard \u2013 Holzschnitte<\/a><\/h4>\n\t\t\t\t\t\t\t\t<span class=\"portfolio-subtitle\"><\/span>\n\t\t\t\t\t\t\t<\/div>\n\n\t\t\t\t\t\t\t\t\t\t  \n\t\t\t\t\t\n\t\t\t\t\t\t\n\t\t\t\t\t\t\n\t\t\t\t\t\n\t\t\t\t\t\t\t\t\t\t\t\t\t\t\n\t\t\t\t\t\t\t   \n\n\t\t\t\t\t\t\t<div class=\"term-kommende-udstillinger-og-arrangementer-de term-udstillinger-og-arrangementer-de portfolio-item eight columns\">\n\t\t\t\t\t\t\t\t<div class=\"portfolio-image\"><a href=\"https:\/\/gudhjemmuseum.dk\/de\/portfolio-item\/28-maerz-3-mai-2026-ausstellung-meine-portraets\/\" title=\"28. M\u00e4rz &#8211; 3. Mai 2026: Ausstellung \u201eMEINE PORTR\u00c4TS\u201c\"><div class=\"portfolio-image-img\"><img decoding=\"async\" src=\"https:\/\/gudhjemmuseum.dk\/wp-content\/uploads\/2025\/12\/SELVPORTRAeT-LISA-HOeYRUP-2025-600x400.jpeg\" alt=\"28. M\u00e4rz &#8211; 3. Mai 2026: Ausstellung \u201eMEINE PORTR\u00c4TS\u201c\" \/><\/div><div class=\"portfolio-overlay overlay-name\"><span>28. M\u00e4rz &#8211; 3. Mai 2026: Ausstellung \u201eMEINE PORTR\u00c4TS\u201c<\/span><i class=\"icon-minti-plus\"><\/i><\/div><\/a><\/div>\n\t\t\t\t\t\t\t\t<h4><a href=\"https:\/\/gudhjemmuseum.dk\/de\/portfolio-item\/28-maerz-3-mai-2026-ausstellung-meine-portraets\/\" title=\"28. M\u00e4rz &#8211; 3. Mai 2026: Ausstellung \u201eMEINE PORTR\u00c4TS\u201c\">28. M\u00e4rz &#8211; 3. Mai 2026: Ausstellung \u201eMEINE PORTR\u00c4TS\u201c<\/a><\/h4>\n\t\t\t\t\t\t\t\t<span class=\"portfolio-subtitle\"><\/span>\n\t\t\t\t\t\t\t<\/div>\n\n\t\t\t\t\t\t\t\t\t\t  \n\t\t\t\t\t\n\t\t\t\t\t\t\n\t\t\t\t\t\t\n\t\t\t\t\t\n\t\t\t\t\t\t\t\t\t\t\t\t\t\t\n\t\t\t\t\t\t\t   \n\n\t\t\t\t\t\t\t<div class=\"term-kommende-udstillinger-og-arrangementer-de term-udstillinger-og-arrangementer-de portfolio-item eight columns\">\n\t\t\t\t\t\t\t\t<div class=\"portfolio-image\"><a href=\"https:\/\/gudhjemmuseum.dk\/de\/portfolio-item\/oluf-hoest-skizzensammlung\/\" title=\"OLUF H\u00d8STS SKIZZENSAMMLUNG\"><div class=\"portfolio-image-img\"><img decoding=\"async\" src=\"https:\/\/gudhjemmuseum.dk\/wp-content\/uploads\/2019\/07\/Foto-til-Udstillingsudvalg-1020x510-600x400.jpg\" alt=\"OLUF H\u00d8STS SKIZZENSAMMLUNG\" \/><\/div><div class=\"portfolio-overlay overlay-name\"><span>OLUF H\u00d8STS SKIZZENSAMMLUNG<\/span><i class=\"icon-minti-plus\"><\/i><\/div><\/a><\/div>\n\t\t\t\t\t\t\t\t<h4><a href=\"https:\/\/gudhjemmuseum.dk\/de\/portfolio-item\/oluf-hoest-skizzensammlung\/\" title=\"OLUF H\u00d8STS SKIZZENSAMMLUNG\">OLUF H\u00d8STS SKIZZENSAMMLUNG<\/a><\/h4>\n\t\t\t\t\t\t\t\t<span class=\"portfolio-subtitle\"><\/span>\n\t\t\t\t\t\t\t<\/div>\n\n\t\t\t\t\t\t\t\t\t\t  \n\t\t\t\t\t\n\t\t\t\t\t\t\n\t\t\t\t\t\t\n\t\t\t\t\t\n\t\t\t\t\t\t\t\t\t\t\t\t\t\t\n\t\t\t\t\t\t\t   \n\n\t\t\t\t\t\t\t<div class=\"term-kommende-udstillinger-og-arrangementer-de term-lokalarkiv-de term-udstillinger-og-arrangementer-de portfolio-item eight columns\">\n\t\t\t\t\t\t\t\t<div class=\"portfolio-image\"><a href=\"https:\/\/gudhjemmuseum.dk\/de\/portfolio-item\/die-gudhjembahn\/\" title=\"Der Bahnhof und die Gudhjembahn\"><div class=\"portfolio-image-img\"><img decoding=\"async\" src=\"https:\/\/gudhjemmuseum.dk\/wp-content\/uploads\/2019\/08\/Toget-ankom-web-600x400.jpg\" alt=\"Der Bahnhof und die Gudhjembahn\" \/><\/div><div class=\"portfolio-overlay overlay-name\"><span>Der Bahnhof und die Gudhjembahn<\/span><i class=\"icon-minti-plus\"><\/i><\/div><\/a><\/div>\n\t\t\t\t\t\t\t\t<h4><a href=\"https:\/\/gudhjemmuseum.dk\/de\/portfolio-item\/die-gudhjembahn\/\" title=\"Der Bahnhof und die Gudhjembahn\">Der Bahnhof und die Gudhjembahn<\/a><\/h4>\n\t\t\t\t\t\t\t\t<span class=\"portfolio-subtitle\"><\/span>\n\t\t\t\t\t\t\t<\/div>\n\n\t\t\t\t\t\t\t\t\t\t  \n\t\t\t\t\t\t\t\t\t<\/div>\n\n\t\t\t<\/div>\n\t\n\t<\/div>\n\t\t\n\t\t\t<div class=\"pagination-default\"><p class=\"hidden\"><\/p><\/div>\n\t\t\n\t[\/vc_column][vc_column width=&#8220;3\/12&#8243; el_class=&#8220;t\u00e6tter&#8220;]<div class=\"spacer\" style=\"height: 20px;\"><\/div><div class=\"spacer\" style=\"height: 20px;\"><\/div><a href=\"http:\/\/gudhjemmuseum.dk\/de\/aabningstider\/\" target=\"_self\" class=\"button color-4 full \" style=\"border-radius: 3px;\">\u00d6ffnungszeiten<\/a><div class=\"spacer\" style=\"height: 20px;\"><\/div><a href=\"http:\/\/gudhjemmuseum.dk\/de\/entrepriser\/\" target=\"_self\" class=\"button color-4 full \" style=\"border-radius: 3px;\">Preise \/ Eintritt<\/a><div class=\"spacer\" style=\"height: 20px;\"><\/div><a href=\"http:\/\/gudhjemmuseum.dk\/de\/kommende-ausstellungen\/\" target=\"_self\" class=\"button color-4 full \" style=\"border-radius: 3px;\">Kommende Ausstellungen<\/a><div class=\"spacer\" style=\"height: 20px;\"><\/div><a href=\"https:\/\/gudhjemmuseum.dk\/de\/vergangene-ausstellungen\/\" target=\"_self\" class=\"button color-4 full \" style=\"border-radius: 3px;\">Vergangene Ausstellungen<\/a><div class=\"spacer\" style=\"height: 20px;\"><\/div><a href=\"https:\/\/gudhjemmuseum.dk\/de\/bahnhofsgebaeude\/\" target=\"_self\" class=\"button color-4 full \" style=\"border-radius: 3px;\">Das Stationsgeb\u00e4ude<\/a><div class=\"spacer\" style=\"height: 20px;\"><\/div><a href=\"http:\/\/gudhjemmuseum.dk\/de\/neubauten\/\" target=\"_self\" class=\"button color-4 full \" style=\"border-radius: 3px;\">Die neuen Geb\u00e4ude<\/a><div class=\"spacer\" style=\"height: 20px;\"><\/div><a href=\"http:\/\/gudhjemmuseum.dk\/de\/zugang\/\" target=\"_self\" class=\"button color-4 full \" style=\"border-radius: 3px;\">Behindertenfreundlicher Zugang<\/a><div class=\"spacer\" style=\"height: 20px;\"><\/div><a href=\"http:\/\/gudhjemmuseum.dk\/de\/museumsladen\" target=\"_self\" class=\"button color-4 full \" style=\"border-radius: 3px;\">Museumsladen<\/a><div class=\"spacer\" style=\"height: 20px;\"><\/div><a href=\"http:\/\/gudhjemmuseum.dk\/de\/nuetzliche-links\" target=\"_self\" class=\"button color-4 full \" style=\"border-radius: 3px;\">N\u00fctzliche Links<\/a>[\/vc_column][\/vc_row][vc_row][vc_column width=&#8220;1\/1&#8243;][\/vc_column][\/vc_row]<\/p>\n","protected":false},"excerpt":{"rendered":"<p>[vc_row][vc_column width=&#8220;1\/1&#8243;][\/vc_column][\/vc_row][vc_row][vc_column width=&#8220;1\/12&#8243;][\/vc_column][vc_column width=&#8220;8\/12&#8243;][vc_column_text] In Gudhjem wird Kunst, Natur und Geschichte an einem Ort versammelt. Gudhjem Museum zeigt pro Jahr etwa 6-7 wechselnde Ausstellungen, vorrangig mit Fokus auf Bornholmer Kunst und Kunsthandwerk im hellen und einladenden Ausstellungssaal. &nbsp; Im denkmalgesch\u00fctzten Bahnhofsgeb\u00e4ude von 1916 k\u00f6nnt Ihr Euch in die Lokalgeschichte der Stadt Gudhjem und in unsere Skizzensammlung mit Werken von u.a. Oluf H\u00f8st vertiefen. &nbsp; Das Bahnhofsgeb\u00e4ude mit seiner einzigartigen Architektur und originaler Einrichtung ist an sich schon einen Besuch wert. &nbsp; Geht auf Entdeckungsreise entlang der Pfade im neu angelegten 15.000 m\u00b2 grossen Feld mit wilden Blumen, Schmetterlingen und Skulpturen. &nbsp; Die Ausstellungssaison dauert vom fr\u00fchen Fr\u00fchling bis hin zum sp\u00e4ten Herbst. &nbsp; Weitere Informationen zu aktuellen Ausstellungen und Veranstaltungen hier:[\/vc_column_text][\/vc_column][vc_column width=&#8220;3\/12&#8243; el_class=&#8220;t\u00e6tter&#8220;][\/vc_column][\/vc_row][vc_row][vc_column width=&#8220;1\/1&#8243;][\/vc_column][\/vc_row]<\/p>\n","protected":false},"author":9,"featured_media":20710,"parent":0,"menu_order":0,"comment_status":"closed","ping_status":"closed","template":"","meta":{"_monsterinsights_skip_tracking":false,"_monsterinsights_sitenote_active":false,"_monsterinsights_sitenote_note":"","_monsterinsights_sitenote_category":0,"_uf_show_specific_survey":0,"_uf_disable_surveys":false,"footnotes":""},"class_list":["post-20708","page","type-page","status-publish","has-post-thumbnail","hentry"],"aioseo_notices":[],"wps_subtitle":"Das Museum","_links":{"self":[{"href":"https:\/\/gudhjemmuseum.dk\/de\/wp-json\/wp\/v2\/pages\/20708","targetHints":{"allow":["GET"]}}],"collection":[{"href":"https:\/\/gudhjemmuseum.dk\/de\/wp-json\/wp\/v2\/pages"}],"about":[{"href":"https:\/\/gudhjemmuseum.dk\/de\/wp-json\/wp\/v2\/types\/page"}],"author":[{"embeddable":true,"href":"https:\/\/gudhjemmuseum.dk\/de\/wp-json\/wp\/v2\/users\/9"}],"replies":[{"embeddable":true,"href":"https:\/\/gudhjemmuseum.dk\/de\/wp-json\/wp\/v2\/comments?post=20708"}],"version-history":[{"count":18,"href":"https:\/\/gudhjemmuseum.dk\/de\/wp-json\/wp\/v2\/pages\/20708\/revisions"}],"predecessor-version":[{"id":23762,"href":"https:\/\/gudhjemmuseum.dk\/de\/wp-json\/wp\/v2\/pages\/20708\/revisions\/23762"}],"wp:featuredmedia":[{"embeddable":true,"href":"https:\/\/gudhjemmuseum.dk\/de\/wp-json\/wp\/v2\/media\/20710"}],"wp:attachment":[{"href":"https:\/\/gudhjemmuseum.dk\/de\/wp-json\/wp\/v2\/media?parent=20708"}],"curies":[{"name":"wp","href":"https:\/\/api.w.org\/{rel}","templated":true}]}}