{"id":20672,"date":"2016-05-10T14:16:49","date_gmt":"2016-05-10T14:16:49","guid":{"rendered":"https:\/\/gudhjemmuseum.dk\/forside\/"},"modified":"2026-03-02T14:00:55","modified_gmt":"2026-03-02T14:00:55","slug":"forside","status":"publish","type":"page","link":"https:\/\/gudhjemmuseum.dk\/de\/","title":{"rendered":"Startseite"},"content":{"rendered":"<p>[vc_row bg_image=&#8220;16022&#8243;][vc_column width=&#8220;1\/1&#8243;]<div class=\"minti_carousel  grab-false dots\" data-columns=\"3\" data-tabletcolumns=\"3\" data-nav=\"true\" data-pagination=\"true\" data-autoplay=\"true\" data-animationtime=\"6000\"><div class=\"imagebox wpb_content_element style-1\"><div class=\"imagebox-img\"><a href='https:\/\/gudhjemmuseum.dk\/de\/oeffnungszeiten'><img decoding=\"async\" src=\"https:\/\/gudhjemmuseum.dk\/wp-content\/uploads\/2022\/01\/001_gudhjemmuseum_dsc8431-1_v2_rgb_web.jpg\" alt=\"\" \/><\/a><\/div>Das Museum ist ge\u00f6ffnet, wenn die Flagge gehisst ist. Hier findet Ihr alle \u00d6ffnungszeiten. Die Saison dauert von M\u00e4rz bis November. Willkommen zu interessanten Ausstellungen!<\/div><div class=\"imagebox wpb_content_element style-1\"><div class=\"imagebox-img\"><a href='http:\/\/gudhjemmuseum.dk\/de\/portfolio-item\/oluf-hoest-skizzensammlung\/'><img decoding=\"async\" src=\"https:\/\/gudhjemmuseum.dk\/wp-content\/uploads\/2016\/01\/Foto-til-Udstillingsudvalg.jpg\" alt=\"\" \/><\/a><\/div>Studiert die Skizzensammlung des Museums. Studiert die Skizzensammlung im alten Bahnhofsgeb\u00e4ude, hier findet Ihr einen Raum der Ruhe und zum Nachdenken.<\/div><div class=\"imagebox wpb_content_element style-1\"><div class=\"imagebox-img\"><a href='https:\/\/gudhjemmuseum.dk\/de\/bahnhofsgebaeude\/'><img decoding=\"async\" src=\"https:\/\/gudhjemmuseum.dk\/wp-content\/uploads\/2020\/11\/gudhjemmuseum_websize-46-e1604312539979.jpg\" alt=\"\" \/><\/a><\/div>Das Bahnhofsgeb\u00e4ude von 1916 mit seiner einzigartigen Architektur und der gutbewahrten, originalen Einrichtung ist allein schon einen Besuch wert.<\/div><div class=\"imagebox wpb_content_element style-1\"><div class=\"imagebox-img\"><a href='https:\/\/gudhjemmuseum.dk\/de\/portfolio-item\/die-gudhjembahn\/'><img decoding=\"async\" src=\"https:\/\/gudhjemmuseum.dk\/wp-content\/uploads\/2020\/11\/gudhjemmuseum_websize-38-e1604312317369.jpg\" alt=\"\" \/><\/a><\/div>Besucht die Ausstellung \u00fcber die Gudhjembahn und erkundet das alte Bahnhofsgeb\u00e4ude, in dem ein Gro\u00dfteil der alten Einrichtung bewahrt ist.<\/div><div class=\"imagebox wpb_content_element style-1\"><div class=\"imagebox-img\"><a href='https:\/\/gudhjemmuseum.dk\/de\/schmetterlingsfeld-und-skulpturgarten\/'><img decoding=\"async\" src=\"https:\/\/gudhjemmuseum.dk\/wp-content\/uploads\/2020\/11\/Almindelig-blaafugl-paa-roellike-scaled-e1604310043188.jpg\" alt=\"\" \/><\/a><\/div>Machen Sie einen Spaziergang durch unseren neuen, 15.000 m\u00b2 gro\u00dfen &#8222;Schmetterlingspark&#8220; mit wilden Blumen und Skulpturen.<\/div><\/div><div class=\"spacer\" style=\"height: 80px;\"><\/div>[\/vc_column][\/vc_row][vc_row][vc_column width=&#8220;1\/1&#8243;]<h1 class=\"headline font-inherit fontsize-xl fontweight-700 lh-inherit align-center transform-inherit \" style=\"margin: 0 0 20px 0;\">ERLEBT DIE SCH\u00c4RENSTADT GUDHJEM UND DAS INTERESSANTE MUSEUM<\/h1><div class=\"spacer\" style=\"height: 20px;\"><\/div>[vc_column_text]Gudhjem liegt sehr idyllisch in einer fantastischen Natur. Die Stadt selber erlebt Ihr am besten zu Fu\u00df \u2013 und die Stadt bietet jede Menge neue Winkel und Gassen, sowie an jeder Stra\u00dfenecke neue Eindr\u00fccke. Die H\u00e4user liegen am Hang von oben bis ganz unten zur flachen Sch\u00e4renk\u00fcste auf verschiedenen Terassen.<\/p>\n<p>&nbsp;<\/p>\n<h3>Kostenlose Parkpl\u00e4tze in Gudhjem<\/h3>\n<p>&nbsp;<\/p>\n<p><strong><em>Wenn Ihr die Stadt besucht, dann empfehlen wir Euch, die kostenlosen Parkpl\u00e4tze in der Oberstadt zu benutzen, und dann zu Fu\u00df hinunter zu gehen. Das gibt Euch und auch den anderen, die die charmante Stadt besuchen wollen, das beste Ergebnis. <a href=\"https:\/\/gudhjemmuseum.dk\/de\/oplevgudhjemtilfods\/\">Hier gibt&#8217;s Wegbeschreibungen<\/a>.<\/em><\/strong><\/p>\n<p>&nbsp;<\/p>\n<h3>Gudhjem und die Fischr\u00e4uchereien<\/h3>\n<p>&nbsp;<\/p>\n<p>Der Ort ist schon seit dem Altertum bewohnt, und im Mittelalter war die Stadt Handelszentrum mit vielen verschiedneen Routen \u00fcber die Ostsee. Viele Jahrhunderte lang war die Fischerei der Haupterwerb, und im Jahr 1866 wurde in der Stadt die erste Fischr\u00e4ucherei der Insel gebaut. Zu Anfang des 20. Jahrhunderts gab es in der Stadt ganze 25 Fischr\u00e4uchereien \u2013 die charakteristischen Schornsteine pr\u00e4gen das Stadtbild bis heute.<\/p>\n<p>&nbsp;<\/p>\n<h3>Gudhjem ist auch die Stadt der Kunstmaler<\/h3>\n<p>&nbsp;<\/p>\n<p>W\u00e4hrend des vergangenen Jahrhunderts zogen viele K\u00fcnstler in die Stadt, wo sie Inspiration aus der Landschaft und der Besonderheit der Stadt zogen. Hier entstand geradezu eine ganze K\u00fcnstlerkolonie, die sp\u00e4ter die Bezeichnung &#8222;Bornholmerschule&#8220; erhielt.\u00a0Heute ist die Stadt gepr\u00e4gt vom regen Caf\u00e9leben und den vielen Gesch\u00e4ften, die bei Besuchern beliebt sind.<\/p>\n<p>&nbsp;<\/p>\n<h3>Kunstmuseum im alten Bahnhofsgeb\u00e4ude<\/h3>\n<p>&nbsp;<\/p>\n<p>Gudhjem Museum liegt in der Oberstadt, eingerichtet zum Teil im alten Bahnhofsgeb\u00e4ude und teils in einem neueren Ausstellungsgeb\u00e4ude. Jedes Jahr werden hier eine Reihe wechselnder Kunstausstellungen gezeigt. Aber auch die Lokalgeschichte wird im Museum in eigenen Ausstellungen gezeigt. Au\u00dferdem ist das Gudhjem Lokalarchiv im Museum zuhause, dieses kann nach Absprache besucht werden.<\/p>\n<p>&nbsp;<\/p>\n<p>Gudhjem By- og Museumsforening ist Eigent\u00fcmer und Betreiber des Museums, das auch zu B\u00fcrgertreffen und Vortr\u00e4gen genutzt wird \u2013 der Verein organisiert auch verschiedene Veranstaltungen in der Stadt.[\/vc_column_text]<div class=\"spacer\" style=\"height: 80px;\"><\/div>[\/vc_column][\/vc_row][vc_row][vc_column width=&#8220;1\/2&#8243;]<h2 class=\"headline font-inherit fontsize-l fontweight-700 lh-inherit align-left transform-inherit \" style=\"margin: 0 0 20px 0;\">WEITERE INFORMATIONEN<\/h2><div class=\"spacer\" style=\"height: 20px;\"><\/div><a href=\"https:\/\/gudhjemmuseum.dk\/de\/oplevgudhjemtilfods\/\" target=\"_self\" class=\"catimage wpb_content_element color-light\" style=\"height: 300px;;\">\n\t\t\t<span style=\"background-image: url(https:\/\/gudhjemmuseum.dk\/wp-content\/uploads\/2019\/10\/by-besk\u00e5ret-1.jpg); height: 300px;;\"><\/span>\n\t\t\t<div class=\"catimage-overlay clearfix\" style=\"height: 300px;;\">\n\t\t\t\t<div class=\"catimage-text\">GUDHJEM ZU FUSS<\/div>\n\t\t\t<\/div><\/a><a href=\"http:\/\/gudhjemmuseum.dk\/de\/museum\/\" target=\"_self\" class=\"catimage wpb_content_element color-light\" style=\"height: 300px;;\">\n\t\t\t<span style=\"background-image: url(https:\/\/gudhjemmuseum.dk\/wp-content\/uploads\/2020\/11\/gudhjemmuseum_websize-14-e1604310610987.jpg); height: 300px;;\"><\/span>\n\t\t\t<div class=\"catimage-overlay clearfix\" style=\"height: 300px;;\">\n\t\t\t\t<div class=\"catimage-text\">MUSEUM UND AUSSTELLUNGEN<\/div>\n\t\t\t<\/div><\/a>[\/vc_column][vc_column width=&#8220;1\/2&#8243;]<h2 class=\"headline font-inherit fontsize-l fontweight-700 lh-inherit align-left transform-inherit \" style=\"margin: 0 0 20px 0;\">KALENDER<\/h2><div class=\"spacer\" style=\"height: 20px;\"><\/div>[vc_accordion active_tab=&#8220;1&#8243;][vc_accordion_tab title=&#8220;28. M\u00e4rz &#8211; 3. Mai 2026&#8243;][vc_column_text]<\/p>\n<h3><strong>Ausstellung \u2013 Meine Portr\u00e4ts<\/strong><\/h3>\n<p>Lisa H\u00f8yrup, retrospektiv<\/p>\n<p>Weitere Infos\u00a0<strong><a href=\"https:\/\/gudhjemmuseum.dk\/de\/portfolio-item\/28-maerz-3-mai-2026-ausstellung-meine-portraets\/\" target=\"_blank\" rel=\"noopener\">HIER<\/a><\/strong>[\/vc_column_text][\/vc_accordion_tab][vc_accordion_tab title=&#8220;28. M\u00e4rz &#8211; 3. Mai 2026&#8243;][vc_column_text]<\/p>\n<h3><strong>Ausstellung: Portr\u00e4ts der Sammlung<\/strong><\/h3>\n<p>Portr\u00e4ts aus der eigenen Sammlung des Gudhjem Museums<\/p>\n<p>Weitere Infos\u00a0<strong><a href=\"https:\/\/gudhjemmuseum.dk\/de\/portfolio-item\/portraets-der-sammlung\/\" target=\"_blank\" rel=\"noopener\">HIER<\/a><\/strong>[\/vc_column_text][\/vc_accordion_tab][vc_accordion_tab title=&#8220;28. M\u00e4rz &#8211; 18. Oktober 2026&#8243;][vc_column_text]<\/p>\n<h3><strong>Ausstellung: Sigurd Vasegaard<\/strong><\/h3>\n<p>Grafische Werke<\/p>\n<p>Weitere Infos\u00a0<strong><a href=\"https:\/\/gudhjemmuseum.dk\/de\/portfolio-item\/28-maerz-18-oktober-2026-ausstellung-sigurd-vasegaard-holzschnitte\/\" target=\"_blank\" rel=\"noopener\">HIER<\/a><\/strong>[\/vc_column_text][\/vc_accordion_tab][vc_accordion_tab title=&#8220;28. M\u00e4rz &#8211; 18. Oktober 2026&#8243;][vc_column_text]<\/p>\n<h3><strong>Oluf H\u00f8st\u00a0<\/strong><\/h3>\n<p>Skizzensamlung<\/p>\n<p>Weitere Infos\u00a0<strong><a href=\"https:\/\/gudhjemmuseum.dk\/de\/portfolio-item\/oluf-hoest-skizzensammlung\/\" target=\"_blank\" rel=\"noopener\">HIER<\/a><\/strong>[\/vc_column_text][\/vc_accordion_tab][vc_accordion_tab title=&#8220;28. M\u00e4rz &#8211; 18. Oktober 2026&#8243;][vc_column_text]<\/p>\n<h3><strong>Der Bahnhof und die Gudhjembahn<\/strong><\/h3>\n<p>Ausstellung und Video.<\/p>\n<p>Weitere Infos\u00a0<strong><a href=\"https:\/\/gudhjemmuseum.dk\/de\/portfolio-item\/die-gudhjembahn\/\" target=\"_blank\" rel=\"noopener\">HIER<\/a><\/strong>[\/vc_column_text][\/vc_accordion_tab][vc_accordion_tab title=&#8220;9. Mai &#8211; 5. Juli 2026&#8243;][vc_column_text]<\/p>\n<h3><strong>Ausstellung &#8222;Earhtbound V&#8220;<\/strong><\/h3>\n<p>Textil \u2013 Keramik \u2013 Papierkunst \u2013 Holz \u2013 Grafik \u2013 Fotografie \u2013 Aquarell<\/p>\n<p>Weitere Infos\u00a0<strong><a href=\"https:\/\/gudhjemmuseum.dk\/de\/portfolio-item\/9-mai-5-juli-2026-ausstellung-earthbound-v\/\" target=\"_blank\" rel=\"noopener\">HIER<\/a><\/strong>[\/vc_column_text][\/vc_accordion_tab][\/vc_accordion][\/vc_column][\/vc_row][vc_row][vc_column width=&#8220;1\/1&#8243;]<div class=\"spacer\" style=\"height: 80px;\"><\/div><h2 class=\"headline font-inherit fontsize-l fontweight-700 lh-inherit align-center transform-inherit \" style=\"margin: 0 0 20px 0;\">PRAKTISCHE INFORMATIONEN<\/h2><div class=\"spacer\" style=\"height: 20px;\"><\/div>[vc_raw_html]JTNDaWZyYW1lJTIwc3JjJTNEJTIyaHR0cHMlM0ElMkYlMkZ3d3cuZ29vZ2xlLmNvbSUyRm1hcHMlMkZlbWJlZCUzRnBiJTNEJTIxMW0xOCUyMTFtMTIlMjExbTMlMjExZDIyNzYuNjY0OTg2NDk5ODM2NyUyMTJkMTQuOTY5Nzg4OTE2MTc0NTcyJTIxM2Q1NS4yMDY2MTgzODA0MTA3NyUyMTJtMyUyMTFmMCUyMTJmMCUyMTNmMCUyMTNtMiUyMTFpMTAyNCUyMTJpNzY4JTIxNGYxMy4xJTIxM20zJTIxMW0yJTIxMXMweDQ2NTUwYmU0NjI3NzhmZjUlMjUzQTB4ODY5YmU3YjIwYzIxMmJlNCUyMTJzR3VkaGplbSUyNTIwTXVzZXVtJTIxNWUwJTIxM20yJTIxMXNkYSUyMTJzZGslMjE0djE1NjY5MTQzOTMxODYlMjE1bTIlMjExc2RhJTIxMnNkayUyMiUyMHdpZHRoJTNEJTIyMTAwJTI1JTIyJTIwaGVpZ2h0JTNEJTIyNDUwJTIyJTIwZnJhbWVib3JkZXIlM0QlMjIwJTIyJTIwc3R5bGUlM0QlMjJib3JkZXIlM0EwJTNCJTIyJTIwYWxsb3dmdWxsc2NyZWVuJTNEJTIyJTIyJTNFJTNDJTJGaWZyYW1lJTNF[\/vc_raw_html][\/vc_column][\/vc_row][vc_row][vc_column width=&#8220;1\/2&#8243;]<a href=\"http:\/\/gudhjemmuseum.dk\/de\/eintrittspreise\" target=\"_self\" class=\"button custom full \" style=\"background-color: #494949; border-color: #494949;border-radius: 0;\">PREISE \/ EINTRITT<\/a>[\/vc_column][vc_column width=&#8220;1\/2&#8243;]<a href=\"http:\/\/gudhjemmuseum.dk\/de\/oeffnungszeiten\" target=\"_self\" class=\"button custom full \" style=\"background-color: #494949; border-color: #494949;border-radius: 0;\">\u00d6FFNUNGSZEITEN<\/a>[\/vc_column][\/vc_row]<\/p>\n","protected":false},"excerpt":{"rendered":"<p>[vc_row bg_image=&#8220;16022&#8243;][vc_column width=&#8220;1\/1&#8243;][\/vc_column][\/vc_row][vc_row][vc_column width=&#8220;1\/1&#8243;][vc_column_text]Gudhjem liegt sehr idyllisch in einer fantastischen Natur. Die Stadt selber erlebt Ihr am besten zu Fu\u00df \u2013 und die Stadt bietet jede Menge neue Winkel und Gassen, sowie an jeder Stra\u00dfenecke neue Eindr\u00fccke. Die H\u00e4user liegen am Hang von oben bis ganz unten zur flachen Sch\u00e4renk\u00fcste auf verschiedenen Terassen. &nbsp; Kostenlose Parkpl\u00e4tze in Gudhjem &nbsp; Wenn Ihr die Stadt besucht, dann empfehlen wir Euch, die kostenlosen Parkpl\u00e4tze in der Oberstadt zu benutzen, und dann zu Fu\u00df hinunter zu gehen. Das gibt Euch und auch den anderen, die die charmante Stadt besuchen wollen, das beste Ergebnis. Hier gibt&#8217;s Wegbeschreibungen. &nbsp; Gudhjem und die Fischr\u00e4uchereien &nbsp; Der Ort ist schon seit dem Altertum bewohnt, und im Mittelalter war die Stadt Handelszentrum mit vielen verschiedneen Routen \u00fcber die Ostsee. Viele Jahrhunderte lang war die Fischerei der Haupterwerb, und im Jahr 1866 wurde in der Stadt die erste Fischr\u00e4ucherei der Insel gebaut. Zu Anfang des 20. Jahrhunderts gab es in der Stadt ganze 25 Fischr\u00e4uchereien \u2013 die charakteristischen Schornsteine pr\u00e4gen das Stadtbild bis heute. &nbsp; Gudhjem ist auch die Stadt der Kunstmaler &nbsp; W\u00e4hrend des vergangenen Jahrhunderts zogen viele K\u00fcnstler in die Stadt, wo sie Inspiration aus der Landschaft und [&hellip;]<\/p>\n","protected":false},"author":14,"featured_media":23390,"parent":0,"menu_order":0,"comment_status":"closed","ping_status":"closed","template":"","meta":{"_monsterinsights_skip_tracking":false,"_monsterinsights_sitenote_active":false,"_monsterinsights_sitenote_note":"","_monsterinsights_sitenote_category":0,"_uf_show_specific_survey":0,"_uf_disable_surveys":false,"footnotes":""},"class_list":["post-20672","page","type-page","status-publish","has-post-thumbnail","hentry"],"aioseo_notices":[],"wps_subtitle":"","_links":{"self":[{"href":"https:\/\/gudhjemmuseum.dk\/de\/wp-json\/wp\/v2\/pages\/20672","targetHints":{"allow":["GET"]}}],"collection":[{"href":"https:\/\/gudhjemmuseum.dk\/de\/wp-json\/wp\/v2\/pages"}],"about":[{"href":"https:\/\/gudhjemmuseum.dk\/de\/wp-json\/wp\/v2\/types\/page"}],"author":[{"embeddable":true,"href":"https:\/\/gudhjemmuseum.dk\/de\/wp-json\/wp\/v2\/users\/14"}],"replies":[{"embeddable":true,"href":"https:\/\/gudhjemmuseum.dk\/de\/wp-json\/wp\/v2\/comments?post=20672"}],"version-history":[{"count":134,"href":"https:\/\/gudhjemmuseum.dk\/de\/wp-json\/wp\/v2\/pages\/20672\/revisions"}],"predecessor-version":[{"id":25035,"href":"https:\/\/gudhjemmuseum.dk\/de\/wp-json\/wp\/v2\/pages\/20672\/revisions\/25035"}],"wp:featuredmedia":[{"embeddable":true,"href":"https:\/\/gudhjemmuseum.dk\/de\/wp-json\/wp\/v2\/media\/23390"}],"wp:attachment":[{"href":"https:\/\/gudhjemmuseum.dk\/de\/wp-json\/wp\/v2\/media?parent=20672"}],"curies":[{"name":"wp","href":"https:\/\/api.w.org\/{rel}","templated":true}]}}